{"id":580,"date":"2023-08-09T19:48:49","date_gmt":"2023-08-09T17:48:49","guid":{"rendered":"https:\/\/www.limsatisu.com\/aviso-legal\/"},"modified":"2023-08-30T16:08:01","modified_gmt":"2023-08-30T14:08:01","slug":"avis-legal","status":"publish","type":"page","link":"https:\/\/www.limsatisu.com\/ca\/avis-legal\/","title":{"rendered":"Av\u00eds legal"},"content":{"rendered":"<p>Est\u00e0s en un espai comprom\u00e8s amb els drets dels seus usuaris i per ra\u00f3, tindr\u00e0s m\u00e0xima transpar\u00e8ncia i rigor sobretot que necessites saber sobre aquesta web.<\/p>\n<p>Aquest web compleix rigorosament amb la Llei Org\u00e0nica 3\/2018, de 5 de desembre, de Protecci\u00f3 de Dades Personals i garantia dels drets digitals (LOPDGDD). Compleix tamb\u00e9 amb el Reglament (UE) 2016\/679 de el Parlament Europeu i de Consell de 27 d&#8217;abril de 2016 relatiu a la protecci\u00f3 de les persones f\u00edsiques (RGPD), aix\u00ed com amb la Llei 34\/2002, de 11 de juliol, de serveis de la Societat de la Informaci\u00f3 i Comer\u00e7 Electr\u00f2nic (LSSICE o LSSI).<\/p>\n<p>Els serveis i \/ o productes estan disponibles nom\u00e9s per a les persones jur\u00eddiques i les persones que tinguin 16 anys.<\/p>\n<h3><strong>IDENTIFICADOR DEL RESPONSABLE DE LA WEB<\/strong><\/h3>\n<p>Denominaci\u00f3 social: LIMSA CORPO, S.L.<\/p>\n<p>CIF \/ NIF: B58477886<\/p>\n<p>Correu electr\u00f2nic:\u00a0<a href=\"mailto:gerencia@limsatisu.com\">gerencia@limsatisu.com<\/a><\/p>\n<p>Domicili social: Pol\u00edgon Industrial Ca Cavaller, naus 1-2-3, 08262 Call\u00fas, Barcelona, \u200b\u200bEspanya.<\/p>\n<p>La seva activitat social \u00e9s: Manipulaci\u00f3 paper tiss\u00fa.<\/p>\n<p>N\u00ba. de registre mercantil: 3891<\/p>\n<p><strong>Et preocupen les teves dades personals?<\/strong><\/p>\n<p>Llegir la &#8220;<a href=\"https:\/\/www.limsatisu.com\/ca\/politica-de-privacitat.html\">Pol\u00edtica de Privacitat<\/a>&#8221;<\/p>\n<h3><strong>COMPROMISOS I OBLIGACIONS DELS USUARIS<\/strong><\/h3>\n<p>L&#8217;usuari queda informat, i accepta, que l&#8217;acc\u00e9s a la present web no suposa, de cap manera, l&#8217;inici d&#8217;una relaci\u00f3 comercial amb LIMSATISU. D&#8217;aquesta manera, l&#8217;usuari es compromet a utilitzar el lloc web, els seus serveis i continguts sense contravenir la legislaci\u00f3 vigent, la bona fe i l&#8217;ordre p\u00fablic.<\/p>\n<p>Queda prohibit l&#8217;\u00fas del web, amb fins il\u00b7l\u00edcits o lesius, o que, de qualsevol forma, puguin causar perjudici o impedir el normal funcionament de la p\u00e0gina web. Respecte dels continguts d&#8217;aquesta web, es prohibeix:<\/p>\n<ul>\n<li>La seva reproducci\u00f3, distribuci\u00f3 o modificaci\u00f3, total o parcial, llevat que es compti amb la meva autoritzaci\u00f3 com a titular leg\u00edtim.<\/li>\n<li>Qualsevol vulneraci\u00f3 dels drets de l&#8217;prestador o del meu com a leg\u00edtim titular.<\/li>\n<li>La seva utilitzaci\u00f3 per a fins comercials o publicitaris.<\/li>\n<\/ul>\n<p>En la utilitzaci\u00f3 del web\u00a0<a href=\"https:\/\/www.limsatisu.com\/ca\/\">www.limsatisu.com<\/a>\u00a0l&#8217;usuari es compromet a no dur a terme cap conducta que pogu\u00e9s danyar la imatge, els interessos i els drets de LIMSATISU o de tercers o que pogu\u00e9s danyar, inutilitzar o sobrecarregar el portal\u00a0<a href=\"https:\/\/www.limsatisu.com\/ca\/\">www.limsatisu.com<\/a>\u00a0o que imped\u00eds, de qualsevol forma, la normal utilitzaci\u00f3 del web.<\/p>\n<p>No obstant, l&#8217;usuari ha de ser conscient que les mesures de seguretat dels sistemes inform\u00e0tics a Internet no s\u00f3n enterament fiables i que, per tant www.limsatisu.com no pot garantir la inexist\u00e8ncia de malware o altres elements que puguin produir alteracions en els sistemes inform\u00e0tics (programari i maquinari) de l&#8217;usuari o en els seus documents electr\u00f2nics i fitxers continguts en els mateixos encara que poso tots els mitjans necessaris i les mesures de seguretat oportunes per evitar la pres\u00e8ncia d&#8217;aquests elements nocius.<\/p>\n<h3><strong>MESURES DE SEGURETAT<\/strong><\/h3>\n<p>Les dades personals comunicades per l&#8217;usuari a LIMSATISU poden ser emmagatzemats en bases de dades automatitzades o no, la titularitat correspon en exclusiva a LIMSA CORPO, SL, assumint aquesta totes les mesures d&#8217;\u00edndole t\u00e8cnica, organitzativa i de seguretat que garanteixen la confidencialitat, integritat i qualitat de la informaci\u00f3 continguda en les mateixes d&#8217;acord amb el que estableix la normativa vigent en protecci\u00f3 de dades.<\/p>\n<p>La comunicaci\u00f3 entre els usuaris i\u00a0<a href=\"https:\/\/www.limsatisu.com\/ca\/\">www.limsatisu.com<\/a>\u00a0utilitza un canal segur, i les dades transmeses s\u00f3n xifrades gr\u00e0cies a protocols a https, per tant, garanteixo les millors condicions de seguretat perqu\u00e8 la confidencialitat dels usuaris estigui garantida.<\/p>\n<h3><strong>PLATAFORMA DE RESOLUCI\u00d3 DE CONFLICTES<\/strong><\/h3>\n<p>Poso tamb\u00e9 a disposici\u00f3 dels usuaris la plataforma de resoluci\u00f3 de litigis que facilita la Comissi\u00f3 Europea i que es troba disponible en el seg\u00fcent enlla\u00e7:\u00a0<a href=\"https:\/\/ec.europa.eu\/consumers\/odr\/\">http:\/\/ec.europa.eu\/consumers\/odr\/<\/a>.<\/p>\n<h3><strong>EXCLUSI\u00d3 DE GARANTIES I RESPONSABILITAT<\/strong><\/h3>\n<p>LIMSATISU no atorga cap garantia ni es fa responsable, en cap cas, dels danys i perjudicis de qualsevol naturalesa que es puguin derivar de:<\/p>\n<ul>\n<li>La manca de disponibilitat, manteniment i efectiu funcionament del web, o dels seus serveis i continguts.<\/li>\n<li>L&#8217;exist\u00e8ncia de malware, programes maliciosos o lesius en els continguts.<\/li>\n<li>L&#8217;\u00fas il\u00b7l\u00edcit, negligent, fraudulent o contrari a aquest Av\u00eds Legal.<\/li>\n<li>La falta de licitud, qualitat, fiabilitat, utilitat i disponibilitat dels serveis prestats per tercers i posats a disposici\u00f3 dels usuaris al lloc web.<\/li>\n<li>El prestador no es fa responsable en cap concepte dels danys que poguessin dimanar de l&#8217;\u00fas il\u00b7legal o indegut de la present p\u00e0gina web.<\/li>\n<\/ul>\n<h3><strong>LLEI APLICABLE I JURISDICCI\u00d3<\/strong><\/h3>\n<p>Amb car\u00e0cter general les relacions entre LIMSATISU amb els usuaris dels seus serveis telem\u00e0tics, presents en aquesta web es troben sotmeses a la legislaci\u00f3 i jurisdicci\u00f3 espanyoles i als tribunals de Barcelona.<\/p>\n<p>En cas que qualsevol usuari tingu\u00e9s algun dubte sobre aquestes Condicions legals o qualsevol comentari sobre el portal\u00a0<a href=\"https:\/\/www.limsatisu.com\/ca\/\">www.limsatisu.com<\/a>\u00a0si us plau dirigiu-vos a\u00a0<a href=\"mailto:gerencia@limsatisu.com\">gerencia@limsatisu.com<\/a>.<\/p>\n<p>L&#8217;av\u00eds legal ha estat actualitzat per darrera vegada l&#8217;11 de febrer de 2021.<\/p>\n","protected":false},"excerpt":{"rendered":"<p>Est\u00e0s en un espai comprom\u00e8s amb els drets dels seus usuaris i per ra\u00f3, tindr\u00e0s m\u00e0xima transpar\u00e8ncia i rigor sobretot que necessites saber sobre aquesta web. Aquest web compleix rigorosament amb la Llei Org\u00e0nica 3\/2018, de 5 de desembre, de Protecci\u00f3 de Dades Personals i&#8230;<\/p>\n","protected":false},"author":3,"featured_media":0,"parent":0,"menu_order":0,"comment_status":"closed","ping_status":"closed","template":"","meta":{"_joinchat":[],"footnotes":""},"class_list":["post-580","page","type-page","status-publish","hentry"],"yoast_head":"<!-- This site is optimized with the Yoast SEO plugin v27.5 - https:\/\/yoast.com\/product\/yoast-seo-wordpress\/ -->\n<title>Av\u00eds legal - Limsatisu | Fabricantes y distribuidores de productos de papel y celulosa<\/title>\n<meta name=\"robots\" content=\"index, follow, max-snippet:-1, max-image-preview:large, max-video-preview:-1\" \/>\n<link rel=\"canonical\" href=\"https:\/\/www.limsatisu.com\/ca\/avis-legal\/\" \/>\n<meta property=\"og:locale\" content=\"ca_ES\" \/>\n<meta property=\"og:type\" content=\"article\" \/>\n<meta property=\"og:title\" content=\"Av\u00eds legal - Limsatisu | Fabricantes y distribuidores de productos de papel y celulosa\" \/>\n<meta property=\"og:description\" content=\"Est\u00e0s en un espai comprom\u00e8s amb els drets dels seus usuaris i per ra\u00f3, tindr\u00e0s m\u00e0xima transpar\u00e8ncia i rigor sobretot que necessites saber sobre aquesta web. Aquest web compleix rigorosament amb la Llei Org\u00e0nica 3\/2018, de 5 de desembre, de Protecci\u00f3 de Dades Personals i...\" \/>\n<meta property=\"og:url\" content=\"https:\/\/www.limsatisu.com\/ca\/avis-legal\/\" \/>\n<meta property=\"og:site_name\" content=\"Limsatisu\" \/>\n<meta property=\"article:modified_time\" content=\"2023-08-30T14:08:01+00:00\" \/>\n<meta property=\"og:image\" content=\"https:\/\/www.limsatisu.com\/wp-content\/uploads\/2023\/08\/limsatisu-logo.png\" \/>\n\t<meta property=\"og:image:width\" content=\"993\" \/>\n\t<meta property=\"og:image:height\" content=\"173\" \/>\n\t<meta property=\"og:image:type\" content=\"image\/png\" \/>\n<meta name=\"twitter:card\" content=\"summary_large_image\" \/>\n<meta name=\"twitter:label1\" content=\"Temps estimat de lectura\" \/>\n\t<meta name=\"twitter:data1\" content=\"4 minuts\" \/>\n<script type=\"application\/ld+json\" class=\"yoast-schema-graph\">{\"@context\":\"https:\\\/\\\/schema.org\",\"@graph\":[{\"@type\":\"WebPage\",\"@id\":\"https:\\\/\\\/www.limsatisu.com\\\/ca\\\/avis-legal\\\/\",\"url\":\"https:\\\/\\\/www.limsatisu.com\\\/ca\\\/avis-legal\\\/\",\"name\":\"Av\u00eds legal - Limsatisu | Fabricantes y distribuidores de productos de papel y celulosa\",\"isPartOf\":{\"@id\":\"https:\\\/\\\/www.limsatisu.com\\\/ca\\\/#website\"},\"datePublished\":\"2023-08-09T17:48:49+00:00\",\"dateModified\":\"2023-08-30T14:08:01+00:00\",\"breadcrumb\":{\"@id\":\"https:\\\/\\\/www.limsatisu.com\\\/ca\\\/avis-legal\\\/#breadcrumb\"},\"inLanguage\":\"ca\",\"potentialAction\":[{\"@type\":\"ReadAction\",\"target\":[\"https:\\\/\\\/www.limsatisu.com\\\/ca\\\/avis-legal\\\/\"]}]},{\"@type\":\"BreadcrumbList\",\"@id\":\"https:\\\/\\\/www.limsatisu.com\\\/ca\\\/avis-legal\\\/#breadcrumb\",\"itemListElement\":[{\"@type\":\"ListItem\",\"position\":1,\"name\":\"Inicio\",\"item\":\"https:\\\/\\\/www.limsatisu.com\\\/ca\\\/\"},{\"@type\":\"ListItem\",\"position\":2,\"name\":\"Av\u00eds legal\"}]},{\"@type\":\"WebSite\",\"@id\":\"https:\\\/\\\/www.limsatisu.com\\\/ca\\\/#website\",\"url\":\"https:\\\/\\\/www.limsatisu.com\\\/ca\\\/\",\"name\":\"Limsatisu\",\"description\":\"Fabricantes y distribuidores de productos de papel y celulosa\",\"publisher\":{\"@id\":\"https:\\\/\\\/www.limsatisu.com\\\/ca\\\/#organization\"},\"alternateName\":\"Limsatisu\",\"potentialAction\":[{\"@type\":\"SearchAction\",\"target\":{\"@type\":\"EntryPoint\",\"urlTemplate\":\"https:\\\/\\\/www.limsatisu.com\\\/ca\\\/?s={search_term_string}\"},\"query-input\":{\"@type\":\"PropertyValueSpecification\",\"valueRequired\":true,\"valueName\":\"search_term_string\"}}],\"inLanguage\":\"ca\"},{\"@type\":\"Organization\",\"@id\":\"https:\\\/\\\/www.limsatisu.com\\\/ca\\\/#organization\",\"name\":\"Limsatisu\",\"alternateName\":\"Limsatisu\",\"url\":\"https:\\\/\\\/www.limsatisu.com\\\/ca\\\/\",\"logo\":{\"@type\":\"ImageObject\",\"inLanguage\":\"ca\",\"@id\":\"https:\\\/\\\/www.limsatisu.com\\\/ca\\\/#\\\/schema\\\/logo\\\/image\\\/\",\"url\":\"https:\\\/\\\/www.limsatisu.com\\\/wp-content\\\/uploads\\\/2024\\\/04\\\/Dimensiones-personalizadas-696x696-px.jpeg\",\"contentUrl\":\"https:\\\/\\\/www.limsatisu.com\\\/wp-content\\\/uploads\\\/2024\\\/04\\\/Dimensiones-personalizadas-696x696-px.jpeg\",\"width\":1392,\"height\":1392,\"caption\":\"Limsatisu\"},\"image\":{\"@id\":\"https:\\\/\\\/www.limsatisu.com\\\/ca\\\/#\\\/schema\\\/logo\\\/image\\\/\"},\"sameAs\":[\"https:\\\/\\\/www.linkedin.com\\\/company\\\/71554141\\\/admin\\\/feed\\\/posts\\\/\"]}]}<\/script>\n<!-- \/ Yoast SEO plugin. -->","yoast_head_json":{"title":"Av\u00eds legal - Limsatisu | Fabricantes y distribuidores de productos de papel y celulosa","robots":{"index":"index","follow":"follow","max-snippet":"max-snippet:-1","max-image-preview":"max-image-preview:large","max-video-preview":"max-video-preview:-1"},"canonical":"https:\/\/www.limsatisu.com\/ca\/avis-legal\/","og_locale":"ca_ES","og_type":"article","og_title":"Av\u00eds legal - Limsatisu | Fabricantes y distribuidores de productos de papel y celulosa","og_description":"Est\u00e0s en un espai comprom\u00e8s amb els drets dels seus usuaris i per ra\u00f3, tindr\u00e0s m\u00e0xima transpar\u00e8ncia i rigor sobretot que necessites saber sobre aquesta web. Aquest web compleix rigorosament amb la Llei Org\u00e0nica 3\/2018, de 5 de desembre, de Protecci\u00f3 de Dades Personals i...","og_url":"https:\/\/www.limsatisu.com\/ca\/avis-legal\/","og_site_name":"Limsatisu","article_modified_time":"2023-08-30T14:08:01+00:00","og_image":[{"width":993,"height":173,"url":"https:\/\/www.limsatisu.com\/wp-content\/uploads\/2023\/08\/limsatisu-logo.png","type":"image\/png"}],"twitter_card":"summary_large_image","twitter_misc":{"Temps estimat de lectura":"4 minuts"},"schema":{"@context":"https:\/\/schema.org","@graph":[{"@type":"WebPage","@id":"https:\/\/www.limsatisu.com\/ca\/avis-legal\/","url":"https:\/\/www.limsatisu.com\/ca\/avis-legal\/","name":"Av\u00eds legal - Limsatisu | Fabricantes y distribuidores de productos de papel y celulosa","isPartOf":{"@id":"https:\/\/www.limsatisu.com\/ca\/#website"},"datePublished":"2023-08-09T17:48:49+00:00","dateModified":"2023-08-30T14:08:01+00:00","breadcrumb":{"@id":"https:\/\/www.limsatisu.com\/ca\/avis-legal\/#breadcrumb"},"inLanguage":"ca","potentialAction":[{"@type":"ReadAction","target":["https:\/\/www.limsatisu.com\/ca\/avis-legal\/"]}]},{"@type":"BreadcrumbList","@id":"https:\/\/www.limsatisu.com\/ca\/avis-legal\/#breadcrumb","itemListElement":[{"@type":"ListItem","position":1,"name":"Inicio","item":"https:\/\/www.limsatisu.com\/ca\/"},{"@type":"ListItem","position":2,"name":"Av\u00eds legal"}]},{"@type":"WebSite","@id":"https:\/\/www.limsatisu.com\/ca\/#website","url":"https:\/\/www.limsatisu.com\/ca\/","name":"Limsatisu","description":"Fabricantes y distribuidores de productos de papel y celulosa","publisher":{"@id":"https:\/\/www.limsatisu.com\/ca\/#organization"},"alternateName":"Limsatisu","potentialAction":[{"@type":"SearchAction","target":{"@type":"EntryPoint","urlTemplate":"https:\/\/www.limsatisu.com\/ca\/?s={search_term_string}"},"query-input":{"@type":"PropertyValueSpecification","valueRequired":true,"valueName":"search_term_string"}}],"inLanguage":"ca"},{"@type":"Organization","@id":"https:\/\/www.limsatisu.com\/ca\/#organization","name":"Limsatisu","alternateName":"Limsatisu","url":"https:\/\/www.limsatisu.com\/ca\/","logo":{"@type":"ImageObject","inLanguage":"ca","@id":"https:\/\/www.limsatisu.com\/ca\/#\/schema\/logo\/image\/","url":"https:\/\/www.limsatisu.com\/wp-content\/uploads\/2024\/04\/Dimensiones-personalizadas-696x696-px.jpeg","contentUrl":"https:\/\/www.limsatisu.com\/wp-content\/uploads\/2024\/04\/Dimensiones-personalizadas-696x696-px.jpeg","width":1392,"height":1392,"caption":"Limsatisu"},"image":{"@id":"https:\/\/www.limsatisu.com\/ca\/#\/schema\/logo\/image\/"},"sameAs":["https:\/\/www.linkedin.com\/company\/71554141\/admin\/feed\/posts\/"]}]}},"_links":{"self":[{"href":"https:\/\/www.limsatisu.com\/ca\/wp-json\/wp\/v2\/pages\/580","targetHints":{"allow":["GET"]}}],"collection":[{"href":"https:\/\/www.limsatisu.com\/ca\/wp-json\/wp\/v2\/pages"}],"about":[{"href":"https:\/\/www.limsatisu.com\/ca\/wp-json\/wp\/v2\/types\/page"}],"author":[{"embeddable":true,"href":"https:\/\/www.limsatisu.com\/ca\/wp-json\/wp\/v2\/users\/3"}],"replies":[{"embeddable":true,"href":"https:\/\/www.limsatisu.com\/ca\/wp-json\/wp\/v2\/comments?post=580"}],"version-history":[{"count":2,"href":"https:\/\/www.limsatisu.com\/ca\/wp-json\/wp\/v2\/pages\/580\/revisions"}],"predecessor-version":[{"id":584,"href":"https:\/\/www.limsatisu.com\/ca\/wp-json\/wp\/v2\/pages\/580\/revisions\/584"}],"wp:attachment":[{"href":"https:\/\/www.limsatisu.com\/ca\/wp-json\/wp\/v2\/media?parent=580"}],"curies":[{"name":"wp","href":"https:\/\/api.w.org\/{rel}","templated":true}]}}