{"id":587,"date":"2023-08-09T20:11:47","date_gmt":"2023-08-09T18:11:47","guid":{"rendered":"https:\/\/www.limsatisu.com\/politica-de-cookies\/"},"modified":"2023-08-30T16:13:15","modified_gmt":"2023-08-30T14:13:15","slug":"politica-de-cookies","status":"publish","type":"page","link":"https:\/\/www.limsatisu.com\/ca\/politica-de-cookies\/","title":{"rendered":"Pol\u00edtica de Cookies"},"content":{"rendered":"<p>En aquest web recollim i utilitzem la informaci\u00f3 segons indiquem en la nostra pol\u00edtica de privacitat. Una de les formes en les que recollim informaci\u00f3 \u00e9s a trav\u00e9s de l&#8217;\u00fas de la tecnologia anomenada &#8220;cookies&#8221;. En\u00a0<a href=\"https:\/\/www.limsatisu.com\/ca\/\">www.limsatisu.com<\/a>\u00a0utilitzem cookies per a diverses coses.<\/p>\n<h4><strong>Qu\u00e8 \u00e9s una galeta?<\/strong><\/h4>\n<p>Una &#8220;cookie&#8221; \u00e9s una petita quantitat de text que s&#8217;emmagatzema al navegador (per exemple Chrome de Google o Safari d&#8217;Apple) quan navegues per la majoria dels llocs web.<\/p>\n<h4><strong>Qu\u00e8 NO \u00e9s una galeta?<\/strong><\/h4>\n<p>No \u00e9s un virus, ni un troi\u00e0, ni un cuc, ni spam, ni spyware, ni obre finestres pop-up.<\/p>\n<h4><strong>Quina informaci\u00f3 emmagatzema una galeta?<\/strong><\/h4>\n<p>Les galetes no solen emmagatzemar informaci\u00f3 sensible sobre vost\u00e8, com targetes de cr\u00e8dit o dades banc\u00e0ries, fotografies o informaci\u00f3 personal, etc. Les dades que guarden s\u00f3n de car\u00e0cter t\u00e8cnic, estad\u00edstiques, prefer\u00e8ncies personals, personalitzaci\u00f3 de continguts, etc.<\/p>\n<p>El servidor web no li associa a vost\u00e8 com a persona, sin\u00f3 al seu navegador web. De fet, si vost\u00e8 navega habitualment amb el navegador Chrome i prova a navegar per la mateixa web amb el navegador Firefox, veur\u00e0 que el web no s&#8217;adona que \u00e9s vost\u00e8 la mateixa persona perqu\u00e8 en realitat est\u00e0 associant la informaci\u00f3 a el navegador, no a la persona.<\/p>\n<h4><strong>Quin tipus de galetes hi ha?<\/strong><\/h4>\n<ul>\n<li><strong>Galetes t\u00e8cniques:<\/strong>\u00a0S\u00f3n les m\u00e9s elementals i permeten, entre altres coses, saber quan est\u00e0 navegant un hum\u00e0 o una aplicaci\u00f3 automatitzada, quan navega un usuari an\u00f2nim i un registrat, tasques b\u00e0siques per al funcionament de qualsevol web din\u00e0mica.<\/li>\n<li><strong>Galetes d&#8217;an\u00e0lisi:<\/strong>\u00a0Recullen informaci\u00f3 sobre el tipus de navegaci\u00f3 que est\u00e0 realitzant, les seccions que m\u00e9s utilitza, productes consultats, franja hor\u00e0ria d&#8217;\u00fas, idioma, etc.<\/li>\n<li><strong>Galetes publicit\u00e0ries:<\/strong>\u00a0Mostren publicitat en funci\u00f3 de la seva navegaci\u00f3, el seu pa\u00eds de proced\u00e8ncia, idioma, etc.<\/li>\n<\/ul>\n<h3><strong>COOKIES ACCEPTA LA NORMATIVA I COOKIES EXCEPTUADES<\/strong><\/h3>\n<p>Segons la directiva de la UE, les galetes que requereixen el consentiment informat per part de l&#8217;usuari s\u00f3n les galetes d&#8217;anal\u00edtica, i les de publicitat i afiliaci\u00f3, quedant exceptuades les de car\u00e0cter t\u00e8cnic i les necess\u00e0ries per al funcionament de la p\u00e0gina web o la prestaci\u00f3 de serveis expressament sol\u00b7licitats per l&#8217;usuari.<\/p>\n<h4><strong>Qu\u00e8 cookies utilitza aquesta web?<\/strong><\/h4>\n<p>Aquest web utilitza cookies pr\u00f2pies i de tercers. En aquest lloc web s&#8217;utilitzen les galetes que es detallen a continuaci\u00f3:<\/p>\n<h3><strong>COOKIES PR\u00d2PIES<\/strong><\/h3>\n<p><strong>Inici de sessi\u00f3:<\/strong>\u00a0Les galetes per iniciar sessi\u00f3 et permeten entrar i sortir del teu compte de\u00a0<a href=\"https:\/\/www.limsatisu.com\/ca\/\">www.limsatisu.com<\/a>.<\/p>\n<p><strong>Personalitzaci\u00f3:<\/strong>\u00a0Les cookies ens ajuden a recordar amb quines persones o llocs web has interactuat, perqu\u00e8 puguem mostrar-contingut relacionat.<\/p>\n<p><strong>Prefer\u00e8ncies:<\/strong>\u00a0Les cookies ens permeten recordar la vostra configuraci\u00f3 i prefer\u00e8ncies, com l&#8217;idioma preferit i la configuraci\u00f3 de privacitat.<\/p>\n<p><strong>Seguretat:<\/strong>\u00a0Utilitzem cookies per evitar-te riscos de seguretat. Principalment per detectar quan alg\u00fa est\u00e0 intentant piratejar el teu compte de\u00a0<a href=\"https:\/\/www.limsatisu.com\/ca\/\">www.limsatisu.com<\/a>.<\/p>\n<p>En concret:<\/p>\n<ol>\n<li><strong>PrestaShop-XXXXXXXXXX<\/strong>\u00a0Necess\u00e0ria. Durada: 1 mes<\/li>\n<li><strong>PHPSESSID<\/strong>\u00a0Necess\u00e0ria. Durada: Sessi\u00f3<\/li>\n<li><strong>an_cookie_banner<\/strong>\u00a0No necess\u00e0ria. Durada: Sessi\u00f3<\/li>\n<\/ol>\n<h3><strong>COOKIES DE TERCERS<\/strong><\/h3>\n<h4><strong>M\u00f2dul Google Analytics<\/strong><\/h4>\n<h4><strong>Galetes\u00a0<\/strong><strong>anal\u00edtiques<\/strong><\/h4>\n<p>Aquesta web utilitza serveis d&#8217;an\u00e0lisi, concretament, Google Analytics per ajudar a l&#8217;website a analitzar l&#8217;\u00fas que fan els usuaris del lloc web i millorar la usabilitat de la mateixa, per\u00f2 en cap cas s&#8217;associen a dades que poguessin arribar a identificar l&#8217;usuari. Google Analytics \u00e9s un servei anal\u00edtic de web prestat per Google Inc. L&#8217;usuari pot consultar\u00a0<a href=\"https:\/\/www.google.es\/intl\/es\/policies\/technologies\/types\/\">aqu\u00ed<\/a>\u00a0el tipus de cookies utilitzades per Google.<\/p>\n<h4><strong>M\u00f2dul xarxes socials (seleccionar les que procedeixi)<\/strong><\/h4>\n<h4><strong>Galetes de xarxes socials<\/strong><\/h4>\n<p>Les cookies de xarxes socials poden emmagatzemar-se en el seu navegador mentre navega per\u00a0<a href=\"https:\/\/www.limsatisu.com\/ca\/\">www.limsatisu.com<\/a>, per exemple, quan utilitza el bot\u00f3 de compartir continguts de\u00a0<a href=\"https:\/\/www.limsatisu.com\/ca\/\">www.limsatisu.com<\/a>\u00a0en alguna xarxa social.<\/p>\n<p>A continuaci\u00f3, tens informaci\u00f3 sobre les cookies de les xarxes socials que utilitza aquesta web en les seves pr\u00f2pies pol\u00edtiques de galetes:<\/p>\n<ul>\n<li>Galetes de Linkedin, veure m\u00e9s informaci\u00f3 en la seva\u00a0<a href=\"https:\/\/es.linkedin.com\/legal\/cookie-policy\/\">pol\u00edtica de cookies<\/a>.<\/li>\n<\/ul>\n<h4><strong>M\u00f2dul afiliaci\u00f3<\/strong><\/h4>\n<h4><strong>Galetes d&#8217;afiliaci\u00f3<\/strong><\/h4>\n<p>Utilitzem plataformes de serveis d&#8217;afiliaci\u00f3 que fan servir cookies de navegador per fer seguiment de les vendes que van tenir origen en aquesta web en els programes d&#8217;afiliats amb qu\u00e8 aquest web col\u00b7labora.<\/p>\n<h4><strong>Es poden eliminar les galetes?<\/strong><\/h4>\n<p>S\u00ed, i no nom\u00e9s eliminar, tamb\u00e9 bloquejar, de forma general o particular per a un domini espec\u00edfic.<\/p>\n<p>Per eliminar les galetes d&#8217;un lloc web ha d&#8217;anar a la configuraci\u00f3 del seu navegador i all\u00e0 podr\u00e0 buscar les associades a el domini en q\u00fcesti\u00f3 i procedir a la seva eliminaci\u00f3.<\/p>\n<ul>\n<li>Configuraci\u00f3 de galetes per a\u00a0<a href=\"http:\/\/support.google.com\/chrome\/bin\/answer.py?hl=es&amp;answer=95647\">Google Chrome<\/a><\/li>\n<li>Configuraci\u00f3 de galetes per\u00a0<a href=\"https:\/\/support.apple.com\/es-es\/HT201265\">Apple Safari<\/a><\/li>\n<li>Configuraci\u00f3 de galetes per a\u00a0<a href=\"https:\/\/support.microsoft.com\/en-us\/help\/17442\/windows-internet-explorer-delete-manage-cookies#ie=ie-10\">Internet Explorer<\/a><\/li>\n<li>Configuraci\u00f3 de galetes per a\u00a0<a href=\"https:\/\/support.mozilla.org\/es\/kb\/habilitar-y-deshabilitar-cookies-sitios-web-rastrear-preferencias?redirectlocale=es&amp;redirectslug=habilitar-y-deshabilitar-cookies-que-los-sitios-web\">Mozilla Firefox<\/a><\/li>\n<\/ul>\n<h4><strong>Acceptaci\u00f3 de galetes<\/strong><\/h4>\n<p>Si l&#8217;usuari segueix navegant despr\u00e9s d&#8217;haver-li informat sobre la nostra Pol\u00edtica de cookies, entenem que accepta la utilitzaci\u00f3 de les cookies.<\/p>\n<p>A l&#8217;acceder a aquest lloc web o aplicaci\u00f3 per primera vegada, veureu una advert\u00e8ncia on se l&#8217;informa de la utilitzaci\u00f3 de les galetes i on pot consultar aquesta pol\u00edtica de galetes. Si l&#8217;usuari consent la utilitzaci\u00f3 de cookies, continua navegant o fa clic en algun link, s&#8217;entendr\u00e0 que ha consentit la nostra pol\u00edtica de cookies i, per tant, la instal\u00b7laci\u00f3 de les mateixes en el seu equip o dispositiu.<\/p>\n<p>A m\u00e9s de l&#8217;\u00fas de les nostres galetes pr\u00f2pies, permetem a tercers establir galetes i accedir-hi en el seu ordinador. El consentiment de l&#8217;\u00fas de les cookies d&#8217;aquestes empreses est\u00e0 lligat a la navegaci\u00f3 per aquest lloc web.<\/p>\n<h4><strong>M\u00e9s informaci\u00f3 sobre les cookies<\/strong><\/h4>\n<p>Pots consultar el reglament sobre cookies publicat per l&#8217;Ag\u00e8ncia Espanyola de Protecci\u00f3 de Dades en el seu &#8220;<a href=\"https:\/\/www.agpd.es\/portalwebAGPD\/canaldocumentacion\/publicaciones\/common\/Guias\/Guia_Cookies.pdf\">Guia sobre l&#8217;\u00fas de les galetes<\/a>&#8221; i obtenir m\u00e9s informaci\u00f3 sobre les cookies a Internet,\u00a0<a href=\"http:\/\/www.aboutcookies.org\/\">http:\/\/www.aboutcookies.org\/<\/a><\/p>\n<p>Si voleu tenir un major control sobre la instal\u00b7laci\u00f3 de cookies, pot instal\u00b7lar programes o complements al seu navegador, coneguts com a eines de &#8220;Do Not Track&#8221;, que li permetran escollir aquelles galetes que desitja permetre.<\/p>\n<p>Aquesta pol\u00edtica de cookies ha estat actualitzada per darrera vegada el 08 de mar\u00e7 de l&#8217;2021.<\/p>\n","protected":false},"excerpt":{"rendered":"<p>En aquest web recollim i utilitzem la informaci\u00f3 segons indiquem en la nostra pol\u00edtica de privacitat. Una de les formes en les que recollim informaci\u00f3 \u00e9s a trav\u00e9s de l&#8217;\u00fas de la tecnologia anomenada &#8220;cookies&#8221;. En\u00a0www.limsatisu.com\u00a0utilitzem cookies per a diverses coses. Qu\u00e8 \u00e9s una galeta?&#8230;<\/p>\n","protected":false},"author":3,"featured_media":0,"parent":0,"menu_order":0,"comment_status":"closed","ping_status":"closed","template":"","meta":{"_joinchat":[],"footnotes":""},"class_list":["post-587","page","type-page","status-publish","hentry"],"yoast_head":"<!-- This site is optimized with the Yoast SEO plugin v27.3 - https:\/\/yoast.com\/product\/yoast-seo-wordpress\/ -->\n<title>Pol\u00edtica de Cookies - Limsatisu | Fabricantes y distribuidores de productos de papel y celulosa<\/title>\n<meta name=\"robots\" content=\"index, follow, max-snippet:-1, max-image-preview:large, max-video-preview:-1\" \/>\n<link rel=\"canonical\" href=\"https:\/\/www.limsatisu.com\/ca\/politica-de-cookies\/\" \/>\n<meta property=\"og:locale\" content=\"ca_ES\" \/>\n<meta property=\"og:type\" content=\"article\" \/>\n<meta property=\"og:title\" content=\"Pol\u00edtica de Cookies - Limsatisu | Fabricantes y distribuidores de productos de papel y celulosa\" \/>\n<meta property=\"og:description\" content=\"En aquest web recollim i utilitzem la informaci\u00f3 segons indiquem en la nostra pol\u00edtica de privacitat. Una de les formes en les que recollim informaci\u00f3 \u00e9s a trav\u00e9s de l&#8217;\u00fas de la tecnologia anomenada &#8220;cookies&#8221;. En\u00a0www.limsatisu.com\u00a0utilitzem cookies per a diverses coses. Qu\u00e8 \u00e9s una galeta?...\" \/>\n<meta property=\"og:url\" content=\"https:\/\/www.limsatisu.com\/ca\/politica-de-cookies\/\" \/>\n<meta property=\"og:site_name\" content=\"Limsatisu\" \/>\n<meta property=\"article:modified_time\" content=\"2023-08-30T14:13:15+00:00\" \/>\n<meta property=\"og:image\" content=\"https:\/\/www.limsatisu.com\/wp-content\/uploads\/2023\/08\/limsatisu-logo.png\" \/>\n\t<meta property=\"og:image:width\" content=\"993\" \/>\n\t<meta property=\"og:image:height\" content=\"173\" \/>\n\t<meta property=\"og:image:type\" content=\"image\/png\" \/>\n<meta name=\"twitter:card\" content=\"summary_large_image\" \/>\n<meta name=\"twitter:label1\" content=\"Temps estimat de lectura\" \/>\n\t<meta name=\"twitter:data1\" content=\"5 minuts\" \/>\n<script type=\"application\/ld+json\" class=\"yoast-schema-graph\">{\"@context\":\"https:\\\/\\\/schema.org\",\"@graph\":[{\"@type\":\"WebPage\",\"@id\":\"https:\\\/\\\/www.limsatisu.com\\\/ca\\\/politica-de-cookies\\\/\",\"url\":\"https:\\\/\\\/www.limsatisu.com\\\/ca\\\/politica-de-cookies\\\/\",\"name\":\"Pol\u00edtica de Cookies - Limsatisu | Fabricantes y distribuidores de productos de papel y celulosa\",\"isPartOf\":{\"@id\":\"https:\\\/\\\/www.limsatisu.com\\\/ca\\\/#website\"},\"datePublished\":\"2023-08-09T18:11:47+00:00\",\"dateModified\":\"2023-08-30T14:13:15+00:00\",\"breadcrumb\":{\"@id\":\"https:\\\/\\\/www.limsatisu.com\\\/ca\\\/politica-de-cookies\\\/#breadcrumb\"},\"inLanguage\":\"ca\",\"potentialAction\":[{\"@type\":\"ReadAction\",\"target\":[\"https:\\\/\\\/www.limsatisu.com\\\/ca\\\/politica-de-cookies\\\/\"]}]},{\"@type\":\"BreadcrumbList\",\"@id\":\"https:\\\/\\\/www.limsatisu.com\\\/ca\\\/politica-de-cookies\\\/#breadcrumb\",\"itemListElement\":[{\"@type\":\"ListItem\",\"position\":1,\"name\":\"Inicio\",\"item\":\"https:\\\/\\\/www.limsatisu.com\\\/ca\\\/\"},{\"@type\":\"ListItem\",\"position\":2,\"name\":\"Pol\u00edtica de Cookies\"}]},{\"@type\":\"WebSite\",\"@id\":\"https:\\\/\\\/www.limsatisu.com\\\/ca\\\/#website\",\"url\":\"https:\\\/\\\/www.limsatisu.com\\\/ca\\\/\",\"name\":\"Limsatisu\",\"description\":\"Fabricantes y distribuidores de productos de papel y celulosa\",\"publisher\":{\"@id\":\"https:\\\/\\\/www.limsatisu.com\\\/ca\\\/#organization\"},\"alternateName\":\"Limsatisu\",\"potentialAction\":[{\"@type\":\"SearchAction\",\"target\":{\"@type\":\"EntryPoint\",\"urlTemplate\":\"https:\\\/\\\/www.limsatisu.com\\\/ca\\\/?s={search_term_string}\"},\"query-input\":{\"@type\":\"PropertyValueSpecification\",\"valueRequired\":true,\"valueName\":\"search_term_string\"}}],\"inLanguage\":\"ca\"},{\"@type\":\"Organization\",\"@id\":\"https:\\\/\\\/www.limsatisu.com\\\/ca\\\/#organization\",\"name\":\"Limsatisu\",\"alternateName\":\"Limsatisu\",\"url\":\"https:\\\/\\\/www.limsatisu.com\\\/ca\\\/\",\"logo\":{\"@type\":\"ImageObject\",\"inLanguage\":\"ca\",\"@id\":\"https:\\\/\\\/www.limsatisu.com\\\/ca\\\/#\\\/schema\\\/logo\\\/image\\\/\",\"url\":\"https:\\\/\\\/www.limsatisu.com\\\/wp-content\\\/uploads\\\/2024\\\/04\\\/Dimensiones-personalizadas-696x696-px.jpeg\",\"contentUrl\":\"https:\\\/\\\/www.limsatisu.com\\\/wp-content\\\/uploads\\\/2024\\\/04\\\/Dimensiones-personalizadas-696x696-px.jpeg\",\"width\":1392,\"height\":1392,\"caption\":\"Limsatisu\"},\"image\":{\"@id\":\"https:\\\/\\\/www.limsatisu.com\\\/ca\\\/#\\\/schema\\\/logo\\\/image\\\/\"},\"sameAs\":[\"https:\\\/\\\/www.linkedin.com\\\/company\\\/71554141\\\/admin\\\/feed\\\/posts\\\/\"]}]}<\/script>\n<!-- \/ Yoast SEO plugin. -->","yoast_head_json":{"title":"Pol\u00edtica de Cookies - Limsatisu | Fabricantes y distribuidores de productos de papel y celulosa","robots":{"index":"index","follow":"follow","max-snippet":"max-snippet:-1","max-image-preview":"max-image-preview:large","max-video-preview":"max-video-preview:-1"},"canonical":"https:\/\/www.limsatisu.com\/ca\/politica-de-cookies\/","og_locale":"ca_ES","og_type":"article","og_title":"Pol\u00edtica de Cookies - Limsatisu | Fabricantes y distribuidores de productos de papel y celulosa","og_description":"En aquest web recollim i utilitzem la informaci\u00f3 segons indiquem en la nostra pol\u00edtica de privacitat. Una de les formes en les que recollim informaci\u00f3 \u00e9s a trav\u00e9s de l&#8217;\u00fas de la tecnologia anomenada &#8220;cookies&#8221;. En\u00a0www.limsatisu.com\u00a0utilitzem cookies per a diverses coses. Qu\u00e8 \u00e9s una galeta?...","og_url":"https:\/\/www.limsatisu.com\/ca\/politica-de-cookies\/","og_site_name":"Limsatisu","article_modified_time":"2023-08-30T14:13:15+00:00","og_image":[{"width":993,"height":173,"url":"https:\/\/www.limsatisu.com\/wp-content\/uploads\/2023\/08\/limsatisu-logo.png","type":"image\/png"}],"twitter_card":"summary_large_image","twitter_misc":{"Temps estimat de lectura":"5 minuts"},"schema":{"@context":"https:\/\/schema.org","@graph":[{"@type":"WebPage","@id":"https:\/\/www.limsatisu.com\/ca\/politica-de-cookies\/","url":"https:\/\/www.limsatisu.com\/ca\/politica-de-cookies\/","name":"Pol\u00edtica de Cookies - Limsatisu | Fabricantes y distribuidores de productos de papel y celulosa","isPartOf":{"@id":"https:\/\/www.limsatisu.com\/ca\/#website"},"datePublished":"2023-08-09T18:11:47+00:00","dateModified":"2023-08-30T14:13:15+00:00","breadcrumb":{"@id":"https:\/\/www.limsatisu.com\/ca\/politica-de-cookies\/#breadcrumb"},"inLanguage":"ca","potentialAction":[{"@type":"ReadAction","target":["https:\/\/www.limsatisu.com\/ca\/politica-de-cookies\/"]}]},{"@type":"BreadcrumbList","@id":"https:\/\/www.limsatisu.com\/ca\/politica-de-cookies\/#breadcrumb","itemListElement":[{"@type":"ListItem","position":1,"name":"Inicio","item":"https:\/\/www.limsatisu.com\/ca\/"},{"@type":"ListItem","position":2,"name":"Pol\u00edtica de Cookies"}]},{"@type":"WebSite","@id":"https:\/\/www.limsatisu.com\/ca\/#website","url":"https:\/\/www.limsatisu.com\/ca\/","name":"Limsatisu","description":"Fabricantes y distribuidores de productos de papel y celulosa","publisher":{"@id":"https:\/\/www.limsatisu.com\/ca\/#organization"},"alternateName":"Limsatisu","potentialAction":[{"@type":"SearchAction","target":{"@type":"EntryPoint","urlTemplate":"https:\/\/www.limsatisu.com\/ca\/?s={search_term_string}"},"query-input":{"@type":"PropertyValueSpecification","valueRequired":true,"valueName":"search_term_string"}}],"inLanguage":"ca"},{"@type":"Organization","@id":"https:\/\/www.limsatisu.com\/ca\/#organization","name":"Limsatisu","alternateName":"Limsatisu","url":"https:\/\/www.limsatisu.com\/ca\/","logo":{"@type":"ImageObject","inLanguage":"ca","@id":"https:\/\/www.limsatisu.com\/ca\/#\/schema\/logo\/image\/","url":"https:\/\/www.limsatisu.com\/wp-content\/uploads\/2024\/04\/Dimensiones-personalizadas-696x696-px.jpeg","contentUrl":"https:\/\/www.limsatisu.com\/wp-content\/uploads\/2024\/04\/Dimensiones-personalizadas-696x696-px.jpeg","width":1392,"height":1392,"caption":"Limsatisu"},"image":{"@id":"https:\/\/www.limsatisu.com\/ca\/#\/schema\/logo\/image\/"},"sameAs":["https:\/\/www.linkedin.com\/company\/71554141\/admin\/feed\/posts\/"]}]}},"_links":{"self":[{"href":"https:\/\/www.limsatisu.com\/ca\/wp-json\/wp\/v2\/pages\/587","targetHints":{"allow":["GET"]}}],"collection":[{"href":"https:\/\/www.limsatisu.com\/ca\/wp-json\/wp\/v2\/pages"}],"about":[{"href":"https:\/\/www.limsatisu.com\/ca\/wp-json\/wp\/v2\/types\/page"}],"author":[{"embeddable":true,"href":"https:\/\/www.limsatisu.com\/ca\/wp-json\/wp\/v2\/users\/3"}],"replies":[{"embeddable":true,"href":"https:\/\/www.limsatisu.com\/ca\/wp-json\/wp\/v2\/comments?post=587"}],"version-history":[{"count":1,"href":"https:\/\/www.limsatisu.com\/ca\/wp-json\/wp\/v2\/pages\/587\/revisions"}],"predecessor-version":[{"id":598,"href":"https:\/\/www.limsatisu.com\/ca\/wp-json\/wp\/v2\/pages\/587\/revisions\/598"}],"wp:attachment":[{"href":"https:\/\/www.limsatisu.com\/ca\/wp-json\/wp\/v2\/media?parent=587"}],"curies":[{"name":"wp","href":"https:\/\/api.w.org\/{rel}","templated":true}]}}