{"id":608,"date":"2023-08-09T20:13:33","date_gmt":"2023-08-09T18:13:33","guid":{"rendered":"https:\/\/www.limsatisu.com\/sobre-limsatisu\/"},"modified":"2023-08-30T16:24:05","modified_gmt":"2023-08-30T14:24:05","slug":"sobre-limsatisu","status":"publish","type":"page","link":"https:\/\/www.limsatisu.com\/ca\/sobre-limsatisu\/","title":{"rendered":"Sobre Limsatisu"},"content":{"rendered":"\t\t<div data-elementor-type=\"wp-page\" data-elementor-id=\"608\" class=\"elementor elementor-608 elementor-169\">\n\t\t\t\t\t\t<section class=\"elementor-section elementor-top-section elementor-element elementor-element-c84932f elementor-section-boxed elementor-section-height-default elementor-section-height-default parallax_section_no qode_elementor_container_no\" data-id=\"c84932f\" data-element_type=\"section\">\n\t\t\t\t\t\t<div class=\"elementor-container elementor-column-gap-default\">\n\t\t\t\t\t<div class=\"elementor-column elementor-col-100 elementor-top-column elementor-element elementor-element-a05cd0e\" data-id=\"a05cd0e\" data-element_type=\"column\">\n\t\t\t<div class=\"elementor-widget-wrap elementor-element-populated\">\n\t\t\t\t\t\t<div class=\"elementor-element elementor-element-0079419 elementor-widget elementor-widget-heading\" data-id=\"0079419\" data-element_type=\"widget\" data-widget_type=\"heading.default\">\n\t\t\t\t<div class=\"elementor-widget-container\">\n\t\t\t<style>\/*! elementor - v3.20.0 - 10-04-2024 *\/\n.elementor-heading-title{padding:0;margin:0;line-height:1}.elementor-widget-heading .elementor-heading-title[class*=elementor-size-]>a{color:inherit;font-size:inherit;line-height:inherit}.elementor-widget-heading .elementor-heading-title.elementor-size-small{font-size:15px}.elementor-widget-heading .elementor-heading-title.elementor-size-medium{font-size:19px}.elementor-widget-heading .elementor-heading-title.elementor-size-large{font-size:29px}.elementor-widget-heading .elementor-heading-title.elementor-size-xl{font-size:39px}.elementor-widget-heading .elementor-heading-title.elementor-size-xxl{font-size:59px}<\/style><h2 class=\"elementor-heading-title elementor-size-default\">Limsatisu<\/h2>\t\t<\/div>\n\t\t\t\t<\/div>\n\t\t\t\t<section class=\"elementor-section elementor-inner-section elementor-element elementor-element-70a7fb5 elementor-section-boxed elementor-section-height-default elementor-section-height-default parallax_section_no qode_elementor_container_no\" data-id=\"70a7fb5\" data-element_type=\"section\">\n\t\t\t\t\t\t<div class=\"elementor-container elementor-column-gap-default\">\n\t\t\t\t\t<div class=\"elementor-column elementor-col-50 elementor-inner-column elementor-element elementor-element-1182e31\" data-id=\"1182e31\" data-element_type=\"column\">\n\t\t\t<div class=\"elementor-widget-wrap elementor-element-populated\">\n\t\t\t\t\t\t<div class=\"elementor-element elementor-element-f81a32a elementor-widget elementor-widget-text-editor\" data-id=\"f81a32a\" data-element_type=\"widget\" data-widget_type=\"text-editor.default\">\n\t\t\t\t<div class=\"elementor-widget-container\">\n\t\t\t<style>\/*! elementor - v3.20.0 - 10-04-2024 *\/\n.elementor-widget-text-editor.elementor-drop-cap-view-stacked .elementor-drop-cap{background-color:#69727d;color:#fff}.elementor-widget-text-editor.elementor-drop-cap-view-framed .elementor-drop-cap{color:#69727d;border:3px solid;background-color:transparent}.elementor-widget-text-editor:not(.elementor-drop-cap-view-default) .elementor-drop-cap{margin-top:8px}.elementor-widget-text-editor:not(.elementor-drop-cap-view-default) .elementor-drop-cap-letter{width:1em;height:1em}.elementor-widget-text-editor .elementor-drop-cap{float:left;text-align:center;line-height:1;font-size:50px}.elementor-widget-text-editor .elementor-drop-cap-letter{display:inline-block}<\/style>\t\t\t\t<p>Empresa dedicada a la fabricaci\u00f3 i manipulaci\u00f3 de bobines de paper tissue. Pertanyents a la ind\u00fastria del sector paperer, prioritzem l&#8217;\u00fas de la tecnologia m\u00e9s avantguardista i els processos m\u00e9s sostenibles amb l&#8217;objectiu de preservar i conservar el medi ambient.<\/p>\t\t\t\t\t\t<\/div>\n\t\t\t\t<\/div>\n\t\t\t\t\t<\/div>\n\t\t<\/div>\n\t\t\t\t<div class=\"elementor-column elementor-col-50 elementor-inner-column elementor-element elementor-element-62302ec\" data-id=\"62302ec\" data-element_type=\"column\">\n\t\t\t<div class=\"elementor-widget-wrap elementor-element-populated\">\n\t\t\t\t\t\t<div class=\"elementor-element elementor-element-653b7b8 elementor-widget elementor-widget-text-editor\" data-id=\"653b7b8\" data-element_type=\"widget\" data-widget_type=\"text-editor.default\">\n\t\t\t\t<div class=\"elementor-widget-container\">\n\t\t\t\t\t\t\t<p>El paper \u00e9s molt m\u00e9s que un component \u00fatil i funcional, \u00e9s un element que ofereix innombrables alternatives i a LIMSATISU volem rec\u00f3rrer-les totes. Sabem el qu\u00e8, el qui, el com, l&#8217;on i el perqu\u00e8, sent, per tant, el millor company en la ind\u00fastria del paper.<\/p>\t\t\t\t\t\t<\/div>\n\t\t\t\t<\/div>\n\t\t\t\t\t<\/div>\n\t\t<\/div>\n\t\t\t\t\t<\/div>\n\t\t<\/section>\n\t\t\t\t\t<\/div>\n\t\t<\/div>\n\t\t\t\t\t<\/div>\n\t\t<\/section>\n\t\t\t\t<section class=\"elementor-section elementor-top-section elementor-element elementor-element-7badb9a elementor-section-boxed elementor-section-height-default elementor-section-height-default parallax_section_no qode_elementor_container_no\" data-id=\"7badb9a\" data-element_type=\"section\">\n\t\t\t\t\t\t<div class=\"elementor-container elementor-column-gap-default\">\n\t\t\t\t\t<div class=\"elementor-column elementor-col-33 elementor-top-column elementor-element elementor-element-74bf542\" data-id=\"74bf542\" data-element_type=\"column\">\n\t\t\t<div class=\"elementor-widget-wrap elementor-element-populated\">\n\t\t\t\t\t\t<div class=\"elementor-element elementor-element-bcc4a4c elementor-widget elementor-widget-heading\" data-id=\"bcc4a4c\" data-element_type=\"widget\" data-widget_type=\"heading.default\">\n\t\t\t\t<div class=\"elementor-widget-container\">\n\t\t\t<h3 class=\"elementor-heading-title elementor-size-default\">Quality process\n<\/h3>\t\t<\/div>\n\t\t\t\t<\/div>\n\t\t\t\t<div class=\"elementor-element elementor-element-ec85af1 elementor-widget elementor-widget-image\" data-id=\"ec85af1\" data-element_type=\"widget\" data-widget_type=\"image.default\">\n\t\t\t\t<div class=\"elementor-widget-container\">\n\t\t\t<style>\/*! elementor - v3.20.0 - 10-04-2024 *\/\n.elementor-widget-image{text-align:center}.elementor-widget-image a{display:inline-block}.elementor-widget-image a img[src$=\".svg\"]{width:48px}.elementor-widget-image img{vertical-align:middle;display:inline-block}<\/style>\t\t\t\t\t\t\t\t\t\t<img fetchpriority=\"high\" decoding=\"async\" width=\"370\" height=\"192\" src=\"https:\/\/www.limsatisu.com\/wp-content\/uploads\/2023\/08\/Limsatisu-empresa1.jpg\" class=\"attachment-large size-large wp-image-191\" alt=\"bobina papel secamanos industrial\" srcset=\"https:\/\/www.limsatisu.com\/wp-content\/uploads\/2023\/08\/Limsatisu-empresa1.jpg 370w, https:\/\/www.limsatisu.com\/wp-content\/uploads\/2023\/08\/Limsatisu-empresa1-300x156.jpg 300w\" sizes=\"(max-width: 370px) 100vw, 370px\" \/>\t\t\t\t\t\t\t\t\t\t\t\t\t<\/div>\n\t\t\t\t<\/div>\n\t\t\t\t<div class=\"elementor-element elementor-element-b31d11c elementor-widget elementor-widget-text-editor\" data-id=\"b31d11c\" data-element_type=\"widget\" data-widget_type=\"text-editor.default\">\n\t\t\t\t<div class=\"elementor-widget-container\">\n\t\t\t\t\t\t\tDes de la selecci\u00f3 de la mat\u00e8ria primera, passant per la manipulaci\u00f3 i el lliurament final, complim amb les m\u00e9s exigents normes de qualitat per aconseguir una total fiabilitat del producte i la conformitat del nostre client.\n\n\n\t\t\t\t\t\t<\/div>\n\t\t\t\t<\/div>\n\t\t\t\t\t<\/div>\n\t\t<\/div>\n\t\t\t\t<div class=\"elementor-column elementor-col-33 elementor-top-column elementor-element elementor-element-dedccbb\" data-id=\"dedccbb\" data-element_type=\"column\">\n\t\t\t<div class=\"elementor-widget-wrap elementor-element-populated\">\n\t\t\t\t\t\t<div class=\"elementor-element elementor-element-89c6dea elementor-widget elementor-widget-heading\" data-id=\"89c6dea\" data-element_type=\"widget\" data-widget_type=\"heading.default\">\n\t\t\t\t<div class=\"elementor-widget-container\">\n\t\t\t<h3 class=\"elementor-heading-title elementor-size-default\">Technological production\n<\/h3>\t\t<\/div>\n\t\t\t\t<\/div>\n\t\t\t\t<div class=\"elementor-element elementor-element-1cc3aa9 elementor-widget elementor-widget-image\" data-id=\"1cc3aa9\" data-element_type=\"widget\" data-widget_type=\"image.default\">\n\t\t\t\t<div class=\"elementor-widget-container\">\n\t\t\t\t\t\t\t\t\t\t\t\t\t<img decoding=\"async\" width=\"370\" height=\"192\" src=\"https:\/\/www.limsatisu.com\/wp-content\/uploads\/2023\/08\/Limsatisu-empresa2.jpg\" class=\"attachment-large size-large wp-image-192\" alt=\"\" srcset=\"https:\/\/www.limsatisu.com\/wp-content\/uploads\/2023\/08\/Limsatisu-empresa2.jpg 370w, https:\/\/www.limsatisu.com\/wp-content\/uploads\/2023\/08\/Limsatisu-empresa2-300x156.jpg 300w\" sizes=\"(max-width: 370px) 100vw, 370px\" \/>\t\t\t\t\t\t\t\t\t\t\t\t\t<\/div>\n\t\t\t\t<\/div>\n\t\t\t\t<div class=\"elementor-element elementor-element-2ec6b97 elementor-widget elementor-widget-text-editor\" data-id=\"2ec6b97\" data-element_type=\"widget\" data-widget_type=\"text-editor.default\">\n\t\t\t\t<div class=\"elementor-widget-container\">\n\t\t\t\t\t\t\tDisposem de maquin\u00e0ria d&#8217;\u00faltima generaci\u00f3 en un entorn industrial \u00e0gil i eficient el qual ens permet donar el millor servei i personalitzaci\u00f3 a cadascun dels nostres clients.\n\n\t\t\t\t\t\t<\/div>\n\t\t\t\t<\/div>\n\t\t\t\t\t<\/div>\n\t\t<\/div>\n\t\t\t\t<div class=\"elementor-column elementor-col-33 elementor-top-column elementor-element elementor-element-612693d\" data-id=\"612693d\" data-element_type=\"column\">\n\t\t\t<div class=\"elementor-widget-wrap elementor-element-populated\">\n\t\t\t\t\t\t<div class=\"elementor-element elementor-element-62c8a07 elementor-widget elementor-widget-heading\" data-id=\"62c8a07\" data-element_type=\"widget\" data-widget_type=\"heading.default\">\n\t\t\t\t<div class=\"elementor-widget-container\">\n\t\t\t<h3 class=\"elementor-heading-title elementor-size-default\">Logistic & Service\n<\/h3>\t\t<\/div>\n\t\t\t\t<\/div>\n\t\t\t\t<div class=\"elementor-element elementor-element-fe666df elementor-widget elementor-widget-image\" data-id=\"fe666df\" data-element_type=\"widget\" data-widget_type=\"image.default\">\n\t\t\t\t<div class=\"elementor-widget-container\">\n\t\t\t\t\t\t\t\t\t\t\t\t\t<img decoding=\"async\" width=\"370\" height=\"192\" src=\"https:\/\/www.limsatisu.com\/wp-content\/uploads\/2023\/08\/Limsatisu-empresa3.jpg\" class=\"attachment-large size-large wp-image-193\" alt=\"\" srcset=\"https:\/\/www.limsatisu.com\/wp-content\/uploads\/2023\/08\/Limsatisu-empresa3.jpg 370w, https:\/\/www.limsatisu.com\/wp-content\/uploads\/2023\/08\/Limsatisu-empresa3-300x156.jpg 300w\" sizes=\"(max-width: 370px) 100vw, 370px\" \/>\t\t\t\t\t\t\t\t\t\t\t\t\t<\/div>\n\t\t\t\t<\/div>\n\t\t\t\t<div class=\"elementor-element elementor-element-075b513 elementor-widget elementor-widget-text-editor\" data-id=\"075b513\" data-element_type=\"widget\" data-widget_type=\"text-editor.default\">\n\t\t\t\t<div class=\"elementor-widget-container\">\n\t\t\t\t\t\t\tSabem la import\u00e0ncia d&#8217;un lliurament a temps i d&#8217;un servei postvenda al detall. Responem amb adaptabilitat i rapidesa a totes les necessitats de cada client.\n\n\t\t\t\t\t\t<\/div>\n\t\t\t\t<\/div>\n\t\t\t\t\t<\/div>\n\t\t<\/div>\n\t\t\t\t\t<\/div>\n\t\t<\/section>\n\t\t\t\t<section class=\"elementor-section elementor-top-section elementor-element elementor-element-8428c27 elementor-section-boxed elementor-section-height-default elementor-section-height-default parallax_section_no qode_elementor_container_no\" data-id=\"8428c27\" data-element_type=\"section\">\n\t\t\t\t\t\t<div class=\"elementor-container elementor-column-gap-default\">\n\t\t\t\t\t<div class=\"elementor-column elementor-col-100 elementor-top-column elementor-element elementor-element-978ea9b\" data-id=\"978ea9b\" data-element_type=\"column\">\n\t\t\t<div class=\"elementor-widget-wrap elementor-element-populated\">\n\t\t\t\t\t\t<div class=\"elementor-element elementor-element-653cb6e elementor-widget elementor-widget-heading\" data-id=\"653cb6e\" data-element_type=\"widget\" data-widget_type=\"heading.default\">\n\t\t\t\t<div class=\"elementor-widget-container\">\n\t\t\t<h3 class=\"elementor-heading-title elementor-size-default\"><a href=\"https:\/\/www.limsatisu.com\/wp-content\/uploads\/2023\/08\/Limsatisu_brochure_72ppp.pdf\" target=\"_blank\" rel=\"nofollow\">Descarrega el nostre Cat\u00e0leg General\n<\/a><\/h3>\t\t<\/div>\n\t\t\t\t<\/div>\n\t\t\t\t<div class=\"elementor-element elementor-element-d40fca4 elementor-widget elementor-widget-image\" data-id=\"d40fca4\" data-element_type=\"widget\" data-widget_type=\"image.default\">\n\t\t\t\t<div class=\"elementor-widget-container\">\n\t\t\t\t\t\t\t\t\t\t\t\t\t\t<a href=\"https:\/\/www.limsatisu.com\/wp-content\/uploads\/2023\/08\/Limsatisu_brochure_72ppp.pdf\" target=\"_blank\" rel=\"nofollow\">\n\t\t\t\t\t\t\t<img decoding=\"async\" src=\"https:\/\/www.limsatisu.com\/wp-content\/uploads\/elementor\/thumbs\/cataleg-limsatisu-qd2q0oqb5kvoay0fja9oz8tlbl77bz067q4viyqm34.jpg\" title=\"cataleg-limsatisu\" alt=\"cataleg-limsatisu\" loading=\"lazy\" \/>\t\t\t\t\t\t\t\t<\/a>\n\t\t\t\t\t\t\t\t\t\t\t\t\t<\/div>\n\t\t\t\t<\/div>\n\t\t\t\t\t<\/div>\n\t\t<\/div>\n\t\t\t\t\t<\/div>\n\t\t<\/section>\n\t\t\t\t<\/div>\n\t\t","protected":false},"excerpt":{"rendered":"<p>Limsatisu Empresa dedicada a la fabricaci\u00f3 i manipulaci\u00f3 de bobines de paper tissue. Pertanyents a la ind\u00fastria del sector paperer, prioritzem l&#8217;\u00fas de la tecnologia m\u00e9s avantguardista i els processos m\u00e9s sostenibles amb l&#8217;objectiu de preservar i conservar el medi ambient. El paper \u00e9s molt&#8230;<\/p>\n","protected":false},"author":3,"featured_media":534,"parent":0,"menu_order":0,"comment_status":"closed","ping_status":"closed","template":"","meta":{"_joinchat":[],"footnotes":""},"class_list":["post-608","page","type-page","status-publish","has-post-thumbnail","hentry"],"yoast_head":"<!-- This site is optimized with the Yoast SEO plugin v27.4 - https:\/\/yoast.com\/product\/yoast-seo-wordpress\/ -->\n<title>Sobre Limsatisu - Limsatisu | Fabricantes y distribuidores de productos de papel y celulosa<\/title>\n<meta name=\"robots\" content=\"index, follow, max-snippet:-1, max-image-preview:large, max-video-preview:-1\" \/>\n<link rel=\"canonical\" href=\"https:\/\/www.limsatisu.com\/ca\/sobre-limsatisu\/\" \/>\n<meta property=\"og:locale\" content=\"ca_ES\" \/>\n<meta property=\"og:type\" content=\"article\" \/>\n<meta property=\"og:title\" content=\"Sobre Limsatisu - Limsatisu | Fabricantes y distribuidores de productos de papel y celulosa\" \/>\n<meta property=\"og:description\" content=\"Limsatisu Empresa dedicada a la fabricaci\u00f3 i manipulaci\u00f3 de bobines de paper tissue. Pertanyents a la ind\u00fastria del sector paperer, prioritzem l&#8217;\u00fas de la tecnologia m\u00e9s avantguardista i els processos m\u00e9s sostenibles amb l&#8217;objectiu de preservar i conservar el medi ambient. El paper \u00e9s molt...\" \/>\n<meta property=\"og:url\" content=\"https:\/\/www.limsatisu.com\/ca\/sobre-limsatisu\/\" \/>\n<meta property=\"og:site_name\" content=\"Limsatisu\" \/>\n<meta property=\"article:modified_time\" content=\"2023-08-30T14:24:05+00:00\" \/>\n<meta property=\"og:image\" content=\"https:\/\/www.limsatisu.com\/wp-content\/uploads\/2023\/08\/Limsatisu-empresa1.jpg\" \/>\n<meta name=\"twitter:card\" content=\"summary_large_image\" \/>\n<meta name=\"twitter:label1\" content=\"Temps estimat de lectura\" \/>\n\t<meta name=\"twitter:data1\" content=\"2 minuts\" \/>\n<script type=\"application\/ld+json\" class=\"yoast-schema-graph\">{\"@context\":\"https:\\\/\\\/schema.org\",\"@graph\":[{\"@type\":\"WebPage\",\"@id\":\"https:\\\/\\\/www.limsatisu.com\\\/ca\\\/sobre-limsatisu\\\/\",\"url\":\"https:\\\/\\\/www.limsatisu.com\\\/ca\\\/sobre-limsatisu\\\/\",\"name\":\"Sobre Limsatisu - Limsatisu | Fabricantes y distribuidores de productos de papel y celulosa\",\"isPartOf\":{\"@id\":\"https:\\\/\\\/www.limsatisu.com\\\/ca\\\/#website\"},\"primaryImageOfPage\":{\"@id\":\"https:\\\/\\\/www.limsatisu.com\\\/ca\\\/sobre-limsatisu\\\/#primaryimage\"},\"image\":{\"@id\":\"https:\\\/\\\/www.limsatisu.com\\\/ca\\\/sobre-limsatisu\\\/#primaryimage\"},\"thumbnailUrl\":\"https:\\\/\\\/www.limsatisu.com\\\/wp-content\\\/uploads\\\/2023\\\/07\\\/b-7-anblog_listing_leading_img.png\",\"datePublished\":\"2023-08-09T18:13:33+00:00\",\"dateModified\":\"2023-08-30T14:24:05+00:00\",\"breadcrumb\":{\"@id\":\"https:\\\/\\\/www.limsatisu.com\\\/ca\\\/sobre-limsatisu\\\/#breadcrumb\"},\"inLanguage\":\"ca\",\"potentialAction\":[{\"@type\":\"ReadAction\",\"target\":[\"https:\\\/\\\/www.limsatisu.com\\\/ca\\\/sobre-limsatisu\\\/\"]}]},{\"@type\":\"ImageObject\",\"inLanguage\":\"ca\",\"@id\":\"https:\\\/\\\/www.limsatisu.com\\\/ca\\\/sobre-limsatisu\\\/#primaryimage\",\"url\":\"https:\\\/\\\/www.limsatisu.com\\\/wp-content\\\/uploads\\\/2023\\\/07\\\/b-7-anblog_listing_leading_img.png\",\"contentUrl\":\"https:\\\/\\\/www.limsatisu.com\\\/wp-content\\\/uploads\\\/2023\\\/07\\\/b-7-anblog_listing_leading_img.png\",\"width\":885,\"height\":620,\"caption\":\"rollos de papel higienico\"},{\"@type\":\"BreadcrumbList\",\"@id\":\"https:\\\/\\\/www.limsatisu.com\\\/ca\\\/sobre-limsatisu\\\/#breadcrumb\",\"itemListElement\":[{\"@type\":\"ListItem\",\"position\":1,\"name\":\"Inicio\",\"item\":\"https:\\\/\\\/www.limsatisu.com\\\/ca\\\/\"},{\"@type\":\"ListItem\",\"position\":2,\"name\":\"Sobre Limsatisu\"}]},{\"@type\":\"WebSite\",\"@id\":\"https:\\\/\\\/www.limsatisu.com\\\/ca\\\/#website\",\"url\":\"https:\\\/\\\/www.limsatisu.com\\\/ca\\\/\",\"name\":\"Limsatisu\",\"description\":\"Fabricantes y distribuidores de productos de papel y celulosa\",\"publisher\":{\"@id\":\"https:\\\/\\\/www.limsatisu.com\\\/ca\\\/#organization\"},\"alternateName\":\"Limsatisu\",\"potentialAction\":[{\"@type\":\"SearchAction\",\"target\":{\"@type\":\"EntryPoint\",\"urlTemplate\":\"https:\\\/\\\/www.limsatisu.com\\\/ca\\\/?s={search_term_string}\"},\"query-input\":{\"@type\":\"PropertyValueSpecification\",\"valueRequired\":true,\"valueName\":\"search_term_string\"}}],\"inLanguage\":\"ca\"},{\"@type\":\"Organization\",\"@id\":\"https:\\\/\\\/www.limsatisu.com\\\/ca\\\/#organization\",\"name\":\"Limsatisu\",\"alternateName\":\"Limsatisu\",\"url\":\"https:\\\/\\\/www.limsatisu.com\\\/ca\\\/\",\"logo\":{\"@type\":\"ImageObject\",\"inLanguage\":\"ca\",\"@id\":\"https:\\\/\\\/www.limsatisu.com\\\/ca\\\/#\\\/schema\\\/logo\\\/image\\\/\",\"url\":\"https:\\\/\\\/www.limsatisu.com\\\/wp-content\\\/uploads\\\/2024\\\/04\\\/Dimensiones-personalizadas-696x696-px.jpeg\",\"contentUrl\":\"https:\\\/\\\/www.limsatisu.com\\\/wp-content\\\/uploads\\\/2024\\\/04\\\/Dimensiones-personalizadas-696x696-px.jpeg\",\"width\":1392,\"height\":1392,\"caption\":\"Limsatisu\"},\"image\":{\"@id\":\"https:\\\/\\\/www.limsatisu.com\\\/ca\\\/#\\\/schema\\\/logo\\\/image\\\/\"},\"sameAs\":[\"https:\\\/\\\/www.linkedin.com\\\/company\\\/71554141\\\/admin\\\/feed\\\/posts\\\/\"]}]}<\/script>\n<!-- \/ Yoast SEO plugin. -->","yoast_head_json":{"title":"Sobre Limsatisu - Limsatisu | Fabricantes y distribuidores de productos de papel y celulosa","robots":{"index":"index","follow":"follow","max-snippet":"max-snippet:-1","max-image-preview":"max-image-preview:large","max-video-preview":"max-video-preview:-1"},"canonical":"https:\/\/www.limsatisu.com\/ca\/sobre-limsatisu\/","og_locale":"ca_ES","og_type":"article","og_title":"Sobre Limsatisu - Limsatisu | Fabricantes y distribuidores de productos de papel y celulosa","og_description":"Limsatisu Empresa dedicada a la fabricaci\u00f3 i manipulaci\u00f3 de bobines de paper tissue. Pertanyents a la ind\u00fastria del sector paperer, prioritzem l&#8217;\u00fas de la tecnologia m\u00e9s avantguardista i els processos m\u00e9s sostenibles amb l&#8217;objectiu de preservar i conservar el medi ambient. El paper \u00e9s molt...","og_url":"https:\/\/www.limsatisu.com\/ca\/sobre-limsatisu\/","og_site_name":"Limsatisu","article_modified_time":"2023-08-30T14:24:05+00:00","og_image":[{"url":"https:\/\/www.limsatisu.com\/wp-content\/uploads\/2023\/08\/Limsatisu-empresa1.jpg","type":"","width":"","height":""}],"twitter_card":"summary_large_image","twitter_misc":{"Temps estimat de lectura":"2 minuts"},"schema":{"@context":"https:\/\/schema.org","@graph":[{"@type":"WebPage","@id":"https:\/\/www.limsatisu.com\/ca\/sobre-limsatisu\/","url":"https:\/\/www.limsatisu.com\/ca\/sobre-limsatisu\/","name":"Sobre Limsatisu - Limsatisu | Fabricantes y distribuidores de productos de papel y celulosa","isPartOf":{"@id":"https:\/\/www.limsatisu.com\/ca\/#website"},"primaryImageOfPage":{"@id":"https:\/\/www.limsatisu.com\/ca\/sobre-limsatisu\/#primaryimage"},"image":{"@id":"https:\/\/www.limsatisu.com\/ca\/sobre-limsatisu\/#primaryimage"},"thumbnailUrl":"https:\/\/www.limsatisu.com\/wp-content\/uploads\/2023\/07\/b-7-anblog_listing_leading_img.png","datePublished":"2023-08-09T18:13:33+00:00","dateModified":"2023-08-30T14:24:05+00:00","breadcrumb":{"@id":"https:\/\/www.limsatisu.com\/ca\/sobre-limsatisu\/#breadcrumb"},"inLanguage":"ca","potentialAction":[{"@type":"ReadAction","target":["https:\/\/www.limsatisu.com\/ca\/sobre-limsatisu\/"]}]},{"@type":"ImageObject","inLanguage":"ca","@id":"https:\/\/www.limsatisu.com\/ca\/sobre-limsatisu\/#primaryimage","url":"https:\/\/www.limsatisu.com\/wp-content\/uploads\/2023\/07\/b-7-anblog_listing_leading_img.png","contentUrl":"https:\/\/www.limsatisu.com\/wp-content\/uploads\/2023\/07\/b-7-anblog_listing_leading_img.png","width":885,"height":620,"caption":"rollos de papel higienico"},{"@type":"BreadcrumbList","@id":"https:\/\/www.limsatisu.com\/ca\/sobre-limsatisu\/#breadcrumb","itemListElement":[{"@type":"ListItem","position":1,"name":"Inicio","item":"https:\/\/www.limsatisu.com\/ca\/"},{"@type":"ListItem","position":2,"name":"Sobre Limsatisu"}]},{"@type":"WebSite","@id":"https:\/\/www.limsatisu.com\/ca\/#website","url":"https:\/\/www.limsatisu.com\/ca\/","name":"Limsatisu","description":"Fabricantes y distribuidores de productos de papel y celulosa","publisher":{"@id":"https:\/\/www.limsatisu.com\/ca\/#organization"},"alternateName":"Limsatisu","potentialAction":[{"@type":"SearchAction","target":{"@type":"EntryPoint","urlTemplate":"https:\/\/www.limsatisu.com\/ca\/?s={search_term_string}"},"query-input":{"@type":"PropertyValueSpecification","valueRequired":true,"valueName":"search_term_string"}}],"inLanguage":"ca"},{"@type":"Organization","@id":"https:\/\/www.limsatisu.com\/ca\/#organization","name":"Limsatisu","alternateName":"Limsatisu","url":"https:\/\/www.limsatisu.com\/ca\/","logo":{"@type":"ImageObject","inLanguage":"ca","@id":"https:\/\/www.limsatisu.com\/ca\/#\/schema\/logo\/image\/","url":"https:\/\/www.limsatisu.com\/wp-content\/uploads\/2024\/04\/Dimensiones-personalizadas-696x696-px.jpeg","contentUrl":"https:\/\/www.limsatisu.com\/wp-content\/uploads\/2024\/04\/Dimensiones-personalizadas-696x696-px.jpeg","width":1392,"height":1392,"caption":"Limsatisu"},"image":{"@id":"https:\/\/www.limsatisu.com\/ca\/#\/schema\/logo\/image\/"},"sameAs":["https:\/\/www.linkedin.com\/company\/71554141\/admin\/feed\/posts\/"]}]}},"_links":{"self":[{"href":"https:\/\/www.limsatisu.com\/ca\/wp-json\/wp\/v2\/pages\/608","targetHints":{"allow":["GET"]}}],"collection":[{"href":"https:\/\/www.limsatisu.com\/ca\/wp-json\/wp\/v2\/pages"}],"about":[{"href":"https:\/\/www.limsatisu.com\/ca\/wp-json\/wp\/v2\/types\/page"}],"author":[{"embeddable":true,"href":"https:\/\/www.limsatisu.com\/ca\/wp-json\/wp\/v2\/users\/3"}],"replies":[{"embeddable":true,"href":"https:\/\/www.limsatisu.com\/ca\/wp-json\/wp\/v2\/comments?post=608"}],"version-history":[{"count":3,"href":"https:\/\/www.limsatisu.com\/ca\/wp-json\/wp\/v2\/pages\/608\/revisions"}],"predecessor-version":[{"id":615,"href":"https:\/\/www.limsatisu.com\/ca\/wp-json\/wp\/v2\/pages\/608\/revisions\/615"}],"wp:featuredmedia":[{"embeddable":true,"href":"https:\/\/www.limsatisu.com\/ca\/wp-json\/wp\/v2\/media\/534"}],"wp:attachment":[{"href":"https:\/\/www.limsatisu.com\/ca\/wp-json\/wp\/v2\/media?parent=608"}],"curies":[{"name":"wp","href":"https:\/\/api.w.org\/{rel}","templated":true}]}}