{"id":162,"date":"2023-08-09T19:48:49","date_gmt":"2023-08-09T17:48:49","guid":{"rendered":"https:\/\/www.limsatisu.com\/?page_id=162"},"modified":"2024-04-10T14:22:33","modified_gmt":"2024-04-10T12:22:33","slug":"aviso-legal","status":"publish","type":"page","link":"https:\/\/www.limsatisu.com\/es\/aviso-legal\/","title":{"rendered":"Aviso legal"},"content":{"rendered":"<p>Est\u00e1s en un espacio comprometido con los derechos de sus usuarios y por raz\u00f3n, tendr\u00e1s m\u00e1xima transparencia y rigor sobre todo que necesitas saber sobre esta web.<\/p>\n<p>Esta web cumple rigurosamente con la Ley Org\u00e1nica 3\/2018, de 5 de diciembre, de Protecci\u00f3n de Datos Personales y garant\u00eda de los derechos digitales (LOPDGDD). Cumple tambi\u00e9n con el Reglamento (UE) 2016\/679 del Parlamento Europeo y del Consejo de 27 de abril de 2016 relativo a la protecci\u00f3n de las personas f\u00edsicas (RGPD), as\u00ed como con la Ley 34\/2002, de 11 de julio, de Servicios de la Sociedad de la Informaci\u00f3n y Comercio Electr\u00f3nico (LSSICE o LSSI).<\/p>\n<p>Los servicios y\/o productos est\u00e1n disponibles s\u00f3lo para las personas jur\u00eddicas y las personas que tengan 16 a\u00f1os.<\/p>\n<h3><strong>IDENTIFICADOR DEL RESPONSABLE DE LA WEB<\/strong><\/h3>\n<p>Denominaci\u00f3n social: LIMSA CORPO, S.L.<\/p>\n<p>CIF\/NIF: B58477886<\/p>\n<p>Correo electr\u00f3nico:\u00a0<a href=\"mailto:gerencia@limsatisu.com\">gerencia@limsatisu.com<\/a><\/p>\n<p>Domicilio social: Pol\u00edgono Industrial Can Cavaller, naves 1-2-3, 08262 Call\u00fas, Barcelona, Espa\u00f1a.<\/p>\n<p>Su actividad social es: Manipulaci\u00f3n papel tis\u00fa.<\/p>\n<p>N\u00ba. de registro mercantil: 3891<\/p>\n<p><strong>\u00bfTe preocupan tus datos personales?<\/strong><\/p>\n<p>Leer la \u00ab<a href=\"https:\/\/www.limsatisu.com\/es\/politica-de-privacidad.html\">Pol\u00edtica de Privacidad<\/a>\u00bb<\/p>\n<h3><strong>COMPROMISOS Y OBLIGACIONES DE LOS USUARIOS<\/strong><\/h3>\n<p>El usuario queda informado, y acepta, que el acceso a la presente web no supone, en modo alguno, el inicio de una relaci\u00f3n comercial con LIMSATISU.\u00a0 De esta forma, el usuario se compromete a utilizar el sitio web, sus servicios y contenidos sin contravenir la legislaci\u00f3n vigente, la buena fe y el orden p\u00fablico.<\/p>\n<p>Queda prohibido el uso de la web, con fines il\u00edcitos o lesivos, o que, de cualquier forma, puedan causar perjuicio o impedir el normal funcionamiento del sitio web. Respecto de los contenidos de esta web, se proh\u00edbe:<\/p>\n<ul>\n<li>Su reproducci\u00f3n, distribuci\u00f3n o modificaci\u00f3n, total o parcial, a menos que se cuente con mi autorizaci\u00f3n como leg\u00edtimo titular.<\/li>\n<li>Cualquier vulneraci\u00f3n de los derechos del prestador o de mi como leg\u00edtimo titular.<\/li>\n<li>Su utilizaci\u00f3n para fines comerciales o publicitarios.<\/li>\n<\/ul>\n<p>En la utilizaci\u00f3n de la web\u00a0<a href=\"https:\/\/www.limsatisu.com\/es\/\">www.limsatisu.com<\/a>\u00a0el usuario se compromete a no llevar a cabo ninguna conducta que pudiera da\u00f1ar la imagen, los intereses y los derechos de LIMSATISU o de terceros o que pudiera da\u00f1ar, inutilizar o sobrecargar el portal\u00a0<a href=\"https:\/\/www.limsatisu.com\/es\/\">www.limsatisu.com<\/a>\u00a0o que impidiera, de cualquier forma, la normal utilizaci\u00f3n de la web.<\/p>\n<p>No obstante, el usuario debe ser consciente de que las medidas de seguridad de los sistemas inform\u00e1ticos en Internet no son enteramente fiables y que, por tanto\u00a0<a href=\"https:\/\/www.limsatisu.com\/es\/\">www.limsatisu.com<\/a>\u00a0no puede garantizar la inexistencia de malware u otros elementos que puedan producir alteraciones en los sistemas inform\u00e1ticos (software y hardware) del usuario o en sus documentos electr\u00f3nicos y ficheros contenidos en los mismos aunque pongo todos los medios necesarios y las medidas de seguridad oportunas para evitar la presencia de estos elementos da\u00f1inos.<\/p>\n<h3><strong>MEDIDAS DE SEGURIDAD<\/strong><\/h3>\n<p>Los datos personales comunicados por el usuario a LIMSATISU pueden ser almacenados en bases de datos automatizadas o no, cuya titularidad corresponde en exclusiva a LIMSA CORPO, S.L., asumiendo \u00e9sta todas las medidas de \u00edndole t\u00e9cnica, organizativa y de seguridad que garantizan la confidencialidad, integridad y calidad de la informaci\u00f3n contenida en las mismas de acuerdo con lo establecido en la normativa vigente en protecci\u00f3n de datos.<\/p>\n<p>La comunicaci\u00f3n entre los usuarios y www.limsatisu.com\u00a0 utiliza un canal seguro, y los datos transmitidos son cifrados gracias a protocolos a https, por tanto, garantizo las mejores condiciones de seguridad para que la confidencialidad de los usuarios est\u00e9 garantizada.<\/p>\n<h3><strong>PLATAFORMA DE RESOLUCI\u00d3N DE CONFLICTOS<\/strong><\/h3>\n<p>Pongo tambi\u00e9n a disposici\u00f3n de los usuarios la plataforma de resoluci\u00f3n de litigios que facilita la Comisi\u00f3n Europea y que se encuentra disponible en el siguiente enlace:\u00a0<a href=\"https:\/\/ec.europa.eu\/consumers\/odr\/\">https:\/\/ec.europa.eu\/consumers\/odr\/<\/a>.<\/p>\n<h3><strong>EXCLUSI\u00d3N DE GARANT\u00cdAS Y RESPONSABILIDAD<\/strong><\/h3>\n<p>LIMSATISU no otorga ninguna garant\u00eda ni se hace responsable, en ning\u00fan caso, de los da\u00f1os y perjuicios de cualquier naturaleza que pudieran traer causa de:<\/p>\n<ul>\n<li>La falta de disponibilidad, mantenimiento y efectivo funcionamiento de la web, o de sus servicios y contenidos.<\/li>\n<li>La existencia de malware, programas maliciosos o lesivos en los contenidos.<\/li>\n<li>El uso il\u00edcito, negligente, fraudulento o contrario a este Aviso Legal.<\/li>\n<li>La falta de licitud, calidad, fiabilidad, utilidad y disponibilidad de los servicios prestados por terceros y puestos a disposici\u00f3n de los usuarios en el sitio web.<\/li>\n<li>El prestador no se hace responsable bajo ning\u00fan concepto de los da\u00f1os que pudieran dimanar del uso ilegal o indebido de la presente p\u00e1gina web.<\/li>\n<\/ul>\n<h3><strong>LEY APLICABLE Y JURISDICCI\u00d3N<\/strong><\/h3>\n<p>Con car\u00e1cter general las relaciones entre LIMSATISU con los usuarios de sus servicios telem\u00e1ticos, presentes en esta web se encuentran sometidas a la legislaci\u00f3n y jurisdicci\u00f3n espa\u00f1olas y a los tribunales de Barcelona.<\/p>\n<p>En caso de que cualquier usuario tuviese alguna duda acerca de estas Condiciones legales o cualquier comentario sobre el portal\u00a0<a href=\"https:\/\/www.limsatisu.com\/es\/\">www.limsatisu.com<\/a>\u00a0por favor dir\u00edjase a\u00a0<a href=\"mailto:gerencia@limsatisu.com\">gerencia@limsatisu.com<\/a>.<\/p>\n<p>El aviso legal ha sido actualizado por \u00faltima vez el 11 de febrero de 2021.<\/p>\n","protected":false},"excerpt":{"rendered":"<p>Est\u00e1s en un espacio comprometido con los derechos de sus usuarios y por raz\u00f3n, tendr\u00e1s m\u00e1xima transparencia y rigor sobre todo que necesitas saber sobre esta web. Esta web cumple rigurosamente con la Ley Org\u00e1nica 3\/2018, de 5 de diciembre, de Protecci\u00f3n de Datos Personales&#8230;<\/p>\n","protected":false},"author":3,"featured_media":0,"parent":0,"menu_order":0,"comment_status":"closed","ping_status":"closed","template":"","meta":{"_joinchat":[],"footnotes":""},"class_list":["post-162","page","type-page","status-publish","hentry"],"yoast_head":"<!-- This site is optimized with the Yoast SEO plugin v27.5 - https:\/\/yoast.com\/product\/yoast-seo-wordpress\/ -->\n<title>Aviso legal - Limsatisu | Fabricantes y distribuidores de productos de papel y celulosa<\/title>\n<meta name=\"robots\" content=\"noindex, nofollow\" \/>\n<meta property=\"og:locale\" content=\"es_ES\" \/>\n<meta property=\"og:type\" content=\"article\" \/>\n<meta property=\"og:title\" content=\"Aviso legal - Limsatisu | Fabricantes y distribuidores de productos de papel y celulosa\" \/>\n<meta property=\"og:description\" content=\"Est\u00e1s en un espacio comprometido con los derechos de sus usuarios y por raz\u00f3n, tendr\u00e1s m\u00e1xima transparencia y rigor sobre todo que necesitas saber sobre esta web. Esta web cumple rigurosamente con la Ley Org\u00e1nica 3\/2018, de 5 de diciembre, de Protecci\u00f3n de Datos Personales...\" \/>\n<meta property=\"og:url\" content=\"https:\/\/www.limsatisu.com\/es\/aviso-legal\/\" \/>\n<meta property=\"og:site_name\" content=\"Limsatisu\" \/>\n<meta property=\"article:modified_time\" content=\"2024-04-10T12:22:33+00:00\" \/>\n<meta property=\"og:image\" content=\"https:\/\/www.limsatisu.com\/wp-content\/uploads\/2023\/08\/limsatisu-logo.png\" \/>\n\t<meta property=\"og:image:width\" content=\"993\" \/>\n\t<meta property=\"og:image:height\" content=\"173\" \/>\n\t<meta property=\"og:image:type\" content=\"image\/png\" \/>\n<meta name=\"twitter:card\" content=\"summary_large_image\" \/>\n<meta name=\"twitter:label1\" content=\"Tiempo de lectura\" \/>\n\t<meta name=\"twitter:data1\" content=\"4 minutos\" \/>\n<script type=\"application\/ld+json\" class=\"yoast-schema-graph\">{\"@context\":\"https:\\\/\\\/schema.org\",\"@graph\":[{\"@type\":\"WebPage\",\"@id\":\"https:\\\/\\\/www.limsatisu.com\\\/es\\\/aviso-legal\\\/\",\"url\":\"https:\\\/\\\/www.limsatisu.com\\\/es\\\/aviso-legal\\\/\",\"name\":\"Aviso legal - Limsatisu | Fabricantes y distribuidores de productos de papel y celulosa\",\"isPartOf\":{\"@id\":\"https:\\\/\\\/www.limsatisu.com\\\/es\\\/#website\"},\"datePublished\":\"2023-08-09T17:48:49+00:00\",\"dateModified\":\"2024-04-10T12:22:33+00:00\",\"breadcrumb\":{\"@id\":\"https:\\\/\\\/www.limsatisu.com\\\/es\\\/aviso-legal\\\/#breadcrumb\"},\"inLanguage\":\"es\",\"potentialAction\":[{\"@type\":\"ReadAction\",\"target\":[\"https:\\\/\\\/www.limsatisu.com\\\/es\\\/aviso-legal\\\/\"]}]},{\"@type\":\"BreadcrumbList\",\"@id\":\"https:\\\/\\\/www.limsatisu.com\\\/es\\\/aviso-legal\\\/#breadcrumb\",\"itemListElement\":[{\"@type\":\"ListItem\",\"position\":1,\"name\":\"Inicio\",\"item\":\"https:\\\/\\\/www.limsatisu.com\\\/es\\\/\"},{\"@type\":\"ListItem\",\"position\":2,\"name\":\"Aviso legal\"}]},{\"@type\":\"WebSite\",\"@id\":\"https:\\\/\\\/www.limsatisu.com\\\/es\\\/#website\",\"url\":\"https:\\\/\\\/www.limsatisu.com\\\/es\\\/\",\"name\":\"Limsatisu\",\"description\":\"Fabricantes y distribuidores de productos de papel y celulosa\",\"publisher\":{\"@id\":\"https:\\\/\\\/www.limsatisu.com\\\/es\\\/#organization\"},\"alternateName\":\"Limsatisu\",\"potentialAction\":[{\"@type\":\"SearchAction\",\"target\":{\"@type\":\"EntryPoint\",\"urlTemplate\":\"https:\\\/\\\/www.limsatisu.com\\\/es\\\/?s={search_term_string}\"},\"query-input\":{\"@type\":\"PropertyValueSpecification\",\"valueRequired\":true,\"valueName\":\"search_term_string\"}}],\"inLanguage\":\"es\"},{\"@type\":\"Organization\",\"@id\":\"https:\\\/\\\/www.limsatisu.com\\\/es\\\/#organization\",\"name\":\"Limsatisu\",\"alternateName\":\"Limsatisu\",\"url\":\"https:\\\/\\\/www.limsatisu.com\\\/es\\\/\",\"logo\":{\"@type\":\"ImageObject\",\"inLanguage\":\"es\",\"@id\":\"https:\\\/\\\/www.limsatisu.com\\\/es\\\/#\\\/schema\\\/logo\\\/image\\\/\",\"url\":\"https:\\\/\\\/www.limsatisu.com\\\/wp-content\\\/uploads\\\/2024\\\/04\\\/Dimensiones-personalizadas-696x696-px.jpeg\",\"contentUrl\":\"https:\\\/\\\/www.limsatisu.com\\\/wp-content\\\/uploads\\\/2024\\\/04\\\/Dimensiones-personalizadas-696x696-px.jpeg\",\"width\":1392,\"height\":1392,\"caption\":\"Limsatisu\"},\"image\":{\"@id\":\"https:\\\/\\\/www.limsatisu.com\\\/es\\\/#\\\/schema\\\/logo\\\/image\\\/\"},\"sameAs\":[\"https:\\\/\\\/www.linkedin.com\\\/company\\\/71554141\\\/admin\\\/feed\\\/posts\\\/\"]}]}<\/script>\n<!-- \/ Yoast SEO plugin. -->","yoast_head_json":{"title":"Aviso legal - Limsatisu | Fabricantes y distribuidores de productos de papel y celulosa","robots":{"index":"noindex","follow":"nofollow"},"og_locale":"es_ES","og_type":"article","og_title":"Aviso legal - Limsatisu | Fabricantes y distribuidores de productos de papel y celulosa","og_description":"Est\u00e1s en un espacio comprometido con los derechos de sus usuarios y por raz\u00f3n, tendr\u00e1s m\u00e1xima transparencia y rigor sobre todo que necesitas saber sobre esta web. Esta web cumple rigurosamente con la Ley Org\u00e1nica 3\/2018, de 5 de diciembre, de Protecci\u00f3n de Datos Personales...","og_url":"https:\/\/www.limsatisu.com\/es\/aviso-legal\/","og_site_name":"Limsatisu","article_modified_time":"2024-04-10T12:22:33+00:00","og_image":[{"width":993,"height":173,"url":"https:\/\/www.limsatisu.com\/wp-content\/uploads\/2023\/08\/limsatisu-logo.png","type":"image\/png"}],"twitter_card":"summary_large_image","twitter_misc":{"Tiempo de lectura":"4 minutos"},"schema":{"@context":"https:\/\/schema.org","@graph":[{"@type":"WebPage","@id":"https:\/\/www.limsatisu.com\/es\/aviso-legal\/","url":"https:\/\/www.limsatisu.com\/es\/aviso-legal\/","name":"Aviso legal - Limsatisu | Fabricantes y distribuidores de productos de papel y celulosa","isPartOf":{"@id":"https:\/\/www.limsatisu.com\/es\/#website"},"datePublished":"2023-08-09T17:48:49+00:00","dateModified":"2024-04-10T12:22:33+00:00","breadcrumb":{"@id":"https:\/\/www.limsatisu.com\/es\/aviso-legal\/#breadcrumb"},"inLanguage":"es","potentialAction":[{"@type":"ReadAction","target":["https:\/\/www.limsatisu.com\/es\/aviso-legal\/"]}]},{"@type":"BreadcrumbList","@id":"https:\/\/www.limsatisu.com\/es\/aviso-legal\/#breadcrumb","itemListElement":[{"@type":"ListItem","position":1,"name":"Inicio","item":"https:\/\/www.limsatisu.com\/es\/"},{"@type":"ListItem","position":2,"name":"Aviso legal"}]},{"@type":"WebSite","@id":"https:\/\/www.limsatisu.com\/es\/#website","url":"https:\/\/www.limsatisu.com\/es\/","name":"Limsatisu","description":"Fabricantes y distribuidores de productos de papel y celulosa","publisher":{"@id":"https:\/\/www.limsatisu.com\/es\/#organization"},"alternateName":"Limsatisu","potentialAction":[{"@type":"SearchAction","target":{"@type":"EntryPoint","urlTemplate":"https:\/\/www.limsatisu.com\/es\/?s={search_term_string}"},"query-input":{"@type":"PropertyValueSpecification","valueRequired":true,"valueName":"search_term_string"}}],"inLanguage":"es"},{"@type":"Organization","@id":"https:\/\/www.limsatisu.com\/es\/#organization","name":"Limsatisu","alternateName":"Limsatisu","url":"https:\/\/www.limsatisu.com\/es\/","logo":{"@type":"ImageObject","inLanguage":"es","@id":"https:\/\/www.limsatisu.com\/es\/#\/schema\/logo\/image\/","url":"https:\/\/www.limsatisu.com\/wp-content\/uploads\/2024\/04\/Dimensiones-personalizadas-696x696-px.jpeg","contentUrl":"https:\/\/www.limsatisu.com\/wp-content\/uploads\/2024\/04\/Dimensiones-personalizadas-696x696-px.jpeg","width":1392,"height":1392,"caption":"Limsatisu"},"image":{"@id":"https:\/\/www.limsatisu.com\/es\/#\/schema\/logo\/image\/"},"sameAs":["https:\/\/www.linkedin.com\/company\/71554141\/admin\/feed\/posts\/"]}]}},"_links":{"self":[{"href":"https:\/\/www.limsatisu.com\/es\/wp-json\/wp\/v2\/pages\/162","targetHints":{"allow":["GET"]}}],"collection":[{"href":"https:\/\/www.limsatisu.com\/es\/wp-json\/wp\/v2\/pages"}],"about":[{"href":"https:\/\/www.limsatisu.com\/es\/wp-json\/wp\/v2\/types\/page"}],"author":[{"embeddable":true,"href":"https:\/\/www.limsatisu.com\/es\/wp-json\/wp\/v2\/users\/3"}],"replies":[{"embeddable":true,"href":"https:\/\/www.limsatisu.com\/es\/wp-json\/wp\/v2\/comments?post=162"}],"version-history":[{"count":2,"href":"https:\/\/www.limsatisu.com\/es\/wp-json\/wp\/v2\/pages\/162\/revisions"}],"predecessor-version":[{"id":164,"href":"https:\/\/www.limsatisu.com\/es\/wp-json\/wp\/v2\/pages\/162\/revisions\/164"}],"wp:attachment":[{"href":"https:\/\/www.limsatisu.com\/es\/wp-json\/wp\/v2\/media?parent=162"}],"curies":[{"name":"wp","href":"https:\/\/api.w.org\/{rel}","templated":true}]}}