{"id":168,"date":"2023-08-09T20:11:47","date_gmt":"2023-08-09T18:11:47","guid":{"rendered":"https:\/\/www.limsatisu.com\/?page_id=168"},"modified":"2024-04-10T14:59:16","modified_gmt":"2024-04-10T12:59:16","slug":"politica-de-cookies","status":"publish","type":"page","link":"https:\/\/www.limsatisu.com\/es\/politica-de-cookies\/","title":{"rendered":"Pol\u00edtica de Cookies"},"content":{"rendered":"<p>En esta web recopilamos y utilizamos la informaci\u00f3n seg\u00fan indicamos en nuestra pol\u00edtica de privacidad. Una de las formas en las que recopilamos informaci\u00f3n es a trav\u00e9s del uso de la tecnolog\u00eda llamada \u201ccookies\u201d. En\u00a0<a href=\"https:\/\/www.limsatisu.com\/es\/\">www.limsatisu.com<\/a>\u00a0utilizamos cookies para varias cosas.<\/p>\n<h4><strong>\u00bfQu\u00e9 es una cookie?<\/strong><\/h4>\n<p>Una \u201ccookie\u201d es una peque\u00f1a cantidad de texto que se almacena en tu navegador (p.ej. Chrome de Google o Safari de Apple) cuando navegas por la mayor\u00eda de los sitios web.<\/p>\n<h4><strong>\u00bfQu\u00e9 NO es una cookie?<\/strong><\/h4>\n<p>No es un virus, ni un troyano, ni un gusano, ni spam, ni spyware, ni abre ventanas pop-up.<\/p>\n<h4><strong>\u00bfQu\u00e9 informaci\u00f3n almacena una cookie?<\/strong><\/h4>\n<p>Las cookies no suelen almacenar informaci\u00f3n sensible sobre usted, como tarjetas de cr\u00e9dito o datos bancarios, fotograf\u00edas o informaci\u00f3n personal, etc. Los datos que guardan son de car\u00e1cter t\u00e9cnico, estad\u00edsticos, preferencias personales, personalizaci\u00f3n de contenidos, etc.<\/p>\n<p>El servidor web no le asocia a usted como persona, sino a su navegador web. De hecho, si usted navega habitualmente con el navegador Chrome y prueba a navegar por la misma web con el navegador Firefox, ver\u00e1 que la web no se da cuenta de que es usted la misma persona porque en realidad est\u00e1 asociando la informaci\u00f3n al navegador, no a la persona.<\/p>\n<h4><strong>\u00bfQu\u00e9 tipo de cookies existen?<\/strong><\/h4>\n<ul>\n<li><strong>Cookies t\u00e9cnicas:<\/strong>\u00a0Son las m\u00e1s elementales y permiten, entre otras cosas, saber cu\u00e1ndo est\u00e1 navegando un humano o una aplicaci\u00f3n automatizada, cu\u00e1ndo navega un usuario an\u00f3nimo y uno registrado, tareas b\u00e1sicas para el funcionamiento de cualquier web din\u00e1mica.<\/li>\n<li><strong>Cookies de an\u00e1lisis:<\/strong>\u00a0Recogen informaci\u00f3n sobre el tipo de navegaci\u00f3n que est\u00e1 realizando, las secciones que m\u00e1s utiliza, productos consultados, franja horaria de uso, idioma, etc.<\/li>\n<li><strong>Cookies publicitarias:<\/strong>\u00a0Muestran publicidad en funci\u00f3n de su navegaci\u00f3n, su pa\u00eds de procedencia, idioma, etc.<\/li>\n<\/ul>\n<h3><strong>COOKIES ACEPTADAS POR LA NORMATIVA Y COOKIES EXCEPTUADAS<\/strong><\/h3>\n<p>Seg\u00fan la directiva de la UE, las cookies que requieren el consentimiento informado por parte del usuario son las cookies de anal\u00edtica, y las de publicidad y afiliaci\u00f3n, quedando exceptuadas las de car\u00e1cter t\u00e9cnico y las necesarias para el funcionamiento del sitio web o la prestaci\u00f3n de servicios expresamente solicitados por el usuario.<\/p>\n<h4><strong>\u00bfQu\u00e9 cookies utiliza esta web?<\/strong><\/h4>\n<p>Esta web utiliza cookies propias y de terceros. En este sitio web se utilizan las cookies que se detallan a continuaci\u00f3n:<\/p>\n<h3><strong>COOKIES PROPIAS<\/strong><\/h3>\n<p><strong>Inicio de sesi\u00f3n:<\/strong>\u00a0Las cookies para iniciar sesi\u00f3n te permiten entrar y salir de tu cuenta de\u00a0<a href=\"https:\/\/www.limsatisu.com\/es\/\">www.limsatisu.com<\/a>.<\/p>\n<p><strong>Personalizaci\u00f3n:<\/strong>\u00a0Las cookies nos ayudan a recordar con qu\u00e9 personas o sitios web has interactuado, para que podamos mostrarte contenido relacionado.<\/p>\n<p><strong>Preferencias:<\/strong>\u00a0Las cookies nos permiten recordar tus ajustes y preferencias, como el idioma preferido y tu configuraci\u00f3n de privacidad.<\/p>\n<p><strong>Seguridad:<\/strong>\u00a0Utilizamos cookies para evitarte riesgos de seguridad. Principalmente para detectar cu\u00e1ndo alguien est\u00e1 intentando piratear tu cuenta de\u00a0<a href=\"https:\/\/www.limsatisu.com\/es\/\">www.limsatisu.com<\/a>.<\/p>\n<p>En concreto:<\/p>\n<ol>\n<li><strong>PrestaShop-XXXXXXXXXX<\/strong>\u00a0Necesaria. Duraci\u00f3n: 1 mes<\/li>\n<li><strong>PHPSESSID<\/strong>\u00a0Necesaria. Duraci\u00f3n: Sesi\u00f3n<\/li>\n<li><strong>an_cookie_banner<\/strong>\u00a0No necesaria. Duraci\u00f3n: Sesi\u00f3n<\/li>\n<\/ol>\n<h3><strong>COOKIES DE TERCEROS<\/strong><\/h3>\n<h4><strong>M\u00f3dulo Google Analytics<\/strong><\/h4>\n<h4><strong>Cookies anal\u00edticas<\/strong><\/h4>\n<p>Esta web utiliza servicios de an\u00e1lisis, concretamente, Google Analytics para ayudar al website a analizar el uso que hacen los usuarios del sitio web y mejorar la usabilidad del mismo, pero en ning\u00fan caso se asocian a datos que pudieran llegar a identificar al usuario. Google Analytics es un servicio anal\u00edtico de web prestado por Google Inc. El usuario puede consultar\u00a0<a href=\"https:\/\/www.google.es\/intl\/es\/policies\/technologies\/types\/\">aqu\u00ed<\/a>\u00a0el tipo de cookies utilizadas por Google.<\/p>\n<h4><strong>M\u00f3dulo redes sociales (seleccionar las que proceda)<\/strong><\/h4>\n<h4><strong>Cookies de redes sociales<\/strong><\/h4>\n<p>Las cookies de redes sociales pueden almacenarse en su navegador mientras navega por\u00a0<a href=\"https:\/\/www.limsatisu.com\/es\/\">www.limsatisu.com<\/a>, por ejemplo, cuando utiliza el bot\u00f3n de compartir contenidos de\u00a0<a href=\"https:\/\/www.limsatisu.com\/es\/\">www.limsatisu.com<\/a>\u00a0en alguna red social.<\/p>\n<p>A continuaci\u00f3n, tienes informaci\u00f3n sobre las cookies de las redes sociales que utiliza esta web en sus propias pol\u00edticas de cookies:<\/p>\n<ul>\n<li>Cookies de Linkedin, ver m\u00e1s informaci\u00f3n en su\u00a0<a href=\"https:\/\/es.linkedin.com\/legal\/cookie-policy\/\">pol\u00edtica de cookies<\/a>.<\/li>\n<\/ul>\n<h4><strong>M\u00f3dulo afiliaci\u00f3n<\/strong><\/h4>\n<h4><strong>Cookies de afiliaci\u00f3n<\/strong><\/h4>\n<p>Utilizamos\u00a0<strong>plataformas de servicios de afiliaci\u00f3n<\/strong>\u00a0que usan cookies de navegador para hacer seguimiento de las ventas que tuvieron origen en esta web en los programas de afiliados con los que esta web colabora.<\/p>\n<h4><strong>\u00bfSe pueden eliminar las cookies?<\/strong><\/h4>\n<p>S\u00ed, y no s\u00f3lo eliminar, tambi\u00e9n bloquear, de forma general o particular para un dominio espec\u00edfico.<\/p>\n<p>Para eliminar las cookies de un sitio web debe ir a la configuraci\u00f3n de su navegador y all\u00ed podr\u00e1 buscar las asociadas al dominio en cuesti\u00f3n y proceder a su eliminaci\u00f3n.<\/p>\n<ul>\n<li>Configuraci\u00f3n de cookies para\u00a0<a href=\"http:\/\/support.google.com\/chrome\/bin\/answer.py?hl=es&amp;answer=95647\">Google Chrome<\/a><\/li>\n<li>Configuraci\u00f3n de cookies para\u00a0<a href=\"https:\/\/support.apple.com\/es-es\/HT201265\">Apple Safari<\/a><\/li>\n<li>Configuraci\u00f3n de cookies para\u00a0<a href=\"https:\/\/support.microsoft.com\/en-us\/help\/17442\/windows-internet-explorer-delete-manage-cookies#ie=ie-10\">Internet Explorer<\/a><\/li>\n<li>Configuraci\u00f3n de cookies para\u00a0<a href=\"https:\/\/support.mozilla.org\/es\/kb\/habilitar-y-deshabilitar-cookies-sitios-web-rastrear-preferencias?redirectlocale=es&amp;redirectslug=habilitar-y-deshabilitar-cookies-que-los-sitios-web\">Mozilla Firefox<\/a><\/li>\n<\/ul>\n<h4><strong>Aceptaci\u00f3n de cookies<\/strong><\/h4>\n<p>Si el usuario sigue navegando despu\u00e9s de haberle informado sobre nuestra Pol\u00edtica de cookies, entendemos que acepta la utilizaci\u00f3n de las cookies.<\/p>\n<p>Al acceder a este sitio web o aplicaci\u00f3n por primera vez, ver\u00e1 una advertencia\u00a0 donde se le informa de la utilizaci\u00f3n de las cookies y donde puede consultar esta pol\u00edtica de cookies. Si el usuario consiente la utilizaci\u00f3n de cookies, contin\u00faa navegando o hace clic en alg\u00fan link, se entender\u00e1 que ha consentido nuestra pol\u00edtica de cookies y, por tanto, la instalaci\u00f3n de las mismas en su equipo o dispositivo.<\/p>\n<p>Adem\u00e1s del uso de nuestras cookies propias, permitimos a terceros establecer cookies y acceder a ellas en su ordenador. El consentimiento del uso de las cookies de estas empresas est\u00e1 ligado a la navegaci\u00f3n por este sitio web.<\/p>\n<h4><strong>M\u00e1s informaci\u00f3n sobre las cookies<\/strong><\/h4>\n<p>Puedes consultar el reglamento sobre cookies publicado por la Agencia Espa\u00f1ola de Protecci\u00f3n de Datos en su \u00ab<a href=\"https:\/\/www.agpd.es\/portalwebAGPD\/canaldocumentacion\/publicaciones\/common\/Guias\/Guia_Cookies.pdf\">Gu\u00eda sobre el uso de las cookies<\/a>\u00bb y\u00a0 obtener m\u00e1s informaci\u00f3n sobre las cookies en Internet,\u00a0<a href=\"http:\/\/www.aboutcookies.org\/\">http:\/\/www.aboutcookies.org\/<\/a><\/p>\n<p>Si desea tener un mayor control sobre la instalaci\u00f3n de cookies, puede instalar programas o complementos a su navegador, conocidos como herramientas de \u00abDo Not Track\u00bb, que le permitir\u00e1n escoger aquellas cookies que desea permitir.<\/p>\n<p>Esta pol\u00edtica de cookies ha sido actualizada por \u00faltima vez el 08 de marzo del 2021.<\/p>\n","protected":false},"excerpt":{"rendered":"<p>En esta web recopilamos y utilizamos la informaci\u00f3n seg\u00fan indicamos en nuestra pol\u00edtica de privacidad. Una de las formas en las que recopilamos informaci\u00f3n es a trav\u00e9s del uso de la tecnolog\u00eda llamada \u201ccookies\u201d. En\u00a0www.limsatisu.com\u00a0utilizamos cookies para varias cosas. \u00bfQu\u00e9 es una cookie? Una \u201ccookie\u201d&#8230;<\/p>\n","protected":false},"author":3,"featured_media":0,"parent":0,"menu_order":0,"comment_status":"closed","ping_status":"closed","template":"","meta":{"_joinchat":[],"footnotes":""},"class_list":["post-168","page","type-page","status-publish","hentry"],"yoast_head":"<!-- This site is optimized with the Yoast SEO plugin v27.4 - https:\/\/yoast.com\/product\/yoast-seo-wordpress\/ -->\n<title>Pol\u00edtica de Cookies - Limsatisu | Fabricantes y distribuidores de productos de papel y celulosa<\/title>\n<meta name=\"robots\" content=\"noindex, nofollow\" \/>\n<meta property=\"og:locale\" content=\"es_ES\" \/>\n<meta property=\"og:type\" content=\"article\" \/>\n<meta property=\"og:title\" content=\"Pol\u00edtica de Cookies - Limsatisu | Fabricantes y distribuidores de productos de papel y celulosa\" \/>\n<meta property=\"og:description\" content=\"En esta web recopilamos y utilizamos la informaci\u00f3n seg\u00fan indicamos en nuestra pol\u00edtica de privacidad. Una de las formas en las que recopilamos informaci\u00f3n es a trav\u00e9s del uso de la tecnolog\u00eda llamada \u201ccookies\u201d. En\u00a0www.limsatisu.com\u00a0utilizamos cookies para varias cosas. \u00bfQu\u00e9 es una cookie? Una \u201ccookie\u201d...\" \/>\n<meta property=\"og:url\" content=\"https:\/\/www.limsatisu.com\/es\/politica-de-cookies\/\" \/>\n<meta property=\"og:site_name\" content=\"Limsatisu\" \/>\n<meta property=\"article:modified_time\" content=\"2024-04-10T12:59:16+00:00\" \/>\n<meta property=\"og:image\" content=\"https:\/\/www.limsatisu.com\/wp-content\/uploads\/2023\/08\/limsatisu-logo.png\" \/>\n\t<meta property=\"og:image:width\" content=\"993\" \/>\n\t<meta property=\"og:image:height\" content=\"173\" \/>\n\t<meta property=\"og:image:type\" content=\"image\/png\" \/>\n<meta name=\"twitter:card\" content=\"summary_large_image\" \/>\n<meta name=\"twitter:label1\" content=\"Tiempo de lectura\" \/>\n\t<meta name=\"twitter:data1\" content=\"5 minutos\" \/>\n<script type=\"application\/ld+json\" class=\"yoast-schema-graph\">{\"@context\":\"https:\\\/\\\/schema.org\",\"@graph\":[{\"@type\":\"WebPage\",\"@id\":\"https:\\\/\\\/www.limsatisu.com\\\/es\\\/politica-de-cookies\\\/\",\"url\":\"https:\\\/\\\/www.limsatisu.com\\\/es\\\/politica-de-cookies\\\/\",\"name\":\"Pol\u00edtica de Cookies - Limsatisu | Fabricantes y distribuidores de productos de papel y celulosa\",\"isPartOf\":{\"@id\":\"https:\\\/\\\/www.limsatisu.com\\\/es\\\/#website\"},\"datePublished\":\"2023-08-09T18:11:47+00:00\",\"dateModified\":\"2024-04-10T12:59:16+00:00\",\"breadcrumb\":{\"@id\":\"https:\\\/\\\/www.limsatisu.com\\\/es\\\/politica-de-cookies\\\/#breadcrumb\"},\"inLanguage\":\"es\",\"potentialAction\":[{\"@type\":\"ReadAction\",\"target\":[\"https:\\\/\\\/www.limsatisu.com\\\/es\\\/politica-de-cookies\\\/\"]}]},{\"@type\":\"BreadcrumbList\",\"@id\":\"https:\\\/\\\/www.limsatisu.com\\\/es\\\/politica-de-cookies\\\/#breadcrumb\",\"itemListElement\":[{\"@type\":\"ListItem\",\"position\":1,\"name\":\"Inicio\",\"item\":\"https:\\\/\\\/www.limsatisu.com\\\/es\\\/\"},{\"@type\":\"ListItem\",\"position\":2,\"name\":\"Pol\u00edtica de Cookies\"}]},{\"@type\":\"WebSite\",\"@id\":\"https:\\\/\\\/www.limsatisu.com\\\/es\\\/#website\",\"url\":\"https:\\\/\\\/www.limsatisu.com\\\/es\\\/\",\"name\":\"Limsatisu\",\"description\":\"Fabricantes y distribuidores de productos de papel y celulosa\",\"publisher\":{\"@id\":\"https:\\\/\\\/www.limsatisu.com\\\/es\\\/#organization\"},\"alternateName\":\"Limsatisu\",\"potentialAction\":[{\"@type\":\"SearchAction\",\"target\":{\"@type\":\"EntryPoint\",\"urlTemplate\":\"https:\\\/\\\/www.limsatisu.com\\\/es\\\/?s={search_term_string}\"},\"query-input\":{\"@type\":\"PropertyValueSpecification\",\"valueRequired\":true,\"valueName\":\"search_term_string\"}}],\"inLanguage\":\"es\"},{\"@type\":\"Organization\",\"@id\":\"https:\\\/\\\/www.limsatisu.com\\\/es\\\/#organization\",\"name\":\"Limsatisu\",\"alternateName\":\"Limsatisu\",\"url\":\"https:\\\/\\\/www.limsatisu.com\\\/es\\\/\",\"logo\":{\"@type\":\"ImageObject\",\"inLanguage\":\"es\",\"@id\":\"https:\\\/\\\/www.limsatisu.com\\\/es\\\/#\\\/schema\\\/logo\\\/image\\\/\",\"url\":\"https:\\\/\\\/www.limsatisu.com\\\/wp-content\\\/uploads\\\/2024\\\/04\\\/Dimensiones-personalizadas-696x696-px.jpeg\",\"contentUrl\":\"https:\\\/\\\/www.limsatisu.com\\\/wp-content\\\/uploads\\\/2024\\\/04\\\/Dimensiones-personalizadas-696x696-px.jpeg\",\"width\":1392,\"height\":1392,\"caption\":\"Limsatisu\"},\"image\":{\"@id\":\"https:\\\/\\\/www.limsatisu.com\\\/es\\\/#\\\/schema\\\/logo\\\/image\\\/\"},\"sameAs\":[\"https:\\\/\\\/www.linkedin.com\\\/company\\\/71554141\\\/admin\\\/feed\\\/posts\\\/\"]}]}<\/script>\n<!-- \/ Yoast SEO plugin. -->","yoast_head_json":{"title":"Pol\u00edtica de Cookies - Limsatisu | Fabricantes y distribuidores de productos de papel y celulosa","robots":{"index":"noindex","follow":"nofollow"},"og_locale":"es_ES","og_type":"article","og_title":"Pol\u00edtica de Cookies - Limsatisu | Fabricantes y distribuidores de productos de papel y celulosa","og_description":"En esta web recopilamos y utilizamos la informaci\u00f3n seg\u00fan indicamos en nuestra pol\u00edtica de privacidad. Una de las formas en las que recopilamos informaci\u00f3n es a trav\u00e9s del uso de la tecnolog\u00eda llamada \u201ccookies\u201d. En\u00a0www.limsatisu.com\u00a0utilizamos cookies para varias cosas. \u00bfQu\u00e9 es una cookie? Una \u201ccookie\u201d...","og_url":"https:\/\/www.limsatisu.com\/es\/politica-de-cookies\/","og_site_name":"Limsatisu","article_modified_time":"2024-04-10T12:59:16+00:00","og_image":[{"width":993,"height":173,"url":"https:\/\/www.limsatisu.com\/wp-content\/uploads\/2023\/08\/limsatisu-logo.png","type":"image\/png"}],"twitter_card":"summary_large_image","twitter_misc":{"Tiempo de lectura":"5 minutos"},"schema":{"@context":"https:\/\/schema.org","@graph":[{"@type":"WebPage","@id":"https:\/\/www.limsatisu.com\/es\/politica-de-cookies\/","url":"https:\/\/www.limsatisu.com\/es\/politica-de-cookies\/","name":"Pol\u00edtica de Cookies - Limsatisu | Fabricantes y distribuidores de productos de papel y celulosa","isPartOf":{"@id":"https:\/\/www.limsatisu.com\/es\/#website"},"datePublished":"2023-08-09T18:11:47+00:00","dateModified":"2024-04-10T12:59:16+00:00","breadcrumb":{"@id":"https:\/\/www.limsatisu.com\/es\/politica-de-cookies\/#breadcrumb"},"inLanguage":"es","potentialAction":[{"@type":"ReadAction","target":["https:\/\/www.limsatisu.com\/es\/politica-de-cookies\/"]}]},{"@type":"BreadcrumbList","@id":"https:\/\/www.limsatisu.com\/es\/politica-de-cookies\/#breadcrumb","itemListElement":[{"@type":"ListItem","position":1,"name":"Inicio","item":"https:\/\/www.limsatisu.com\/es\/"},{"@type":"ListItem","position":2,"name":"Pol\u00edtica de Cookies"}]},{"@type":"WebSite","@id":"https:\/\/www.limsatisu.com\/es\/#website","url":"https:\/\/www.limsatisu.com\/es\/","name":"Limsatisu","description":"Fabricantes y distribuidores de productos de papel y celulosa","publisher":{"@id":"https:\/\/www.limsatisu.com\/es\/#organization"},"alternateName":"Limsatisu","potentialAction":[{"@type":"SearchAction","target":{"@type":"EntryPoint","urlTemplate":"https:\/\/www.limsatisu.com\/es\/?s={search_term_string}"},"query-input":{"@type":"PropertyValueSpecification","valueRequired":true,"valueName":"search_term_string"}}],"inLanguage":"es"},{"@type":"Organization","@id":"https:\/\/www.limsatisu.com\/es\/#organization","name":"Limsatisu","alternateName":"Limsatisu","url":"https:\/\/www.limsatisu.com\/es\/","logo":{"@type":"ImageObject","inLanguage":"es","@id":"https:\/\/www.limsatisu.com\/es\/#\/schema\/logo\/image\/","url":"https:\/\/www.limsatisu.com\/wp-content\/uploads\/2024\/04\/Dimensiones-personalizadas-696x696-px.jpeg","contentUrl":"https:\/\/www.limsatisu.com\/wp-content\/uploads\/2024\/04\/Dimensiones-personalizadas-696x696-px.jpeg","width":1392,"height":1392,"caption":"Limsatisu"},"image":{"@id":"https:\/\/www.limsatisu.com\/es\/#\/schema\/logo\/image\/"},"sameAs":["https:\/\/www.linkedin.com\/company\/71554141\/admin\/feed\/posts\/"]}]}},"_links":{"self":[{"href":"https:\/\/www.limsatisu.com\/es\/wp-json\/wp\/v2\/pages\/168","targetHints":{"allow":["GET"]}}],"collection":[{"href":"https:\/\/www.limsatisu.com\/es\/wp-json\/wp\/v2\/pages"}],"about":[{"href":"https:\/\/www.limsatisu.com\/es\/wp-json\/wp\/v2\/types\/page"}],"author":[{"embeddable":true,"href":"https:\/\/www.limsatisu.com\/es\/wp-json\/wp\/v2\/users\/3"}],"replies":[{"embeddable":true,"href":"https:\/\/www.limsatisu.com\/es\/wp-json\/wp\/v2\/comments?post=168"}],"version-history":[{"count":1,"href":"https:\/\/www.limsatisu.com\/es\/wp-json\/wp\/v2\/pages\/168\/revisions"}],"predecessor-version":[{"id":171,"href":"https:\/\/www.limsatisu.com\/es\/wp-json\/wp\/v2\/pages\/168\/revisions\/171"}],"wp:attachment":[{"href":"https:\/\/www.limsatisu.com\/es\/wp-json\/wp\/v2\/media?parent=168"}],"curies":[{"name":"wp","href":"https:\/\/api.w.org\/{rel}","templated":true}]}}